{"id":1416,"date":"2023-05-24T09:23:18","date_gmt":"2023-05-24T09:23:18","guid":{"rendered":"https:\/\/envases-group.com\/?page_id=1416"},"modified":"2024-04-30T11:38:41","modified_gmt":"2024-04-30T11:38:41","slug":"aviso-legal","status":"publish","type":"page","link":"https:\/\/envases-group.com\/es\/aviso-legal\/","title":{"rendered":"Aviso Legal"},"content":{"rendered":"<p>[et_pb_section fb_built=\u00bb1&#8243; theme_builder_area=\u00bbpost_content\u00bb _builder_version=\u00bb4.25.0&#8243; _module_preset=\u00bbdefault\u00bb][et_pb_row _builder_version=\u00bb4.25.0&#8243; _module_preset=\u00bbdefault\u00bb theme_builder_area=\u00bbpost_content\u00bb][et_pb_column _builder_version=\u00bb4.25.0&#8243; _module_preset=\u00bbdefault\u00bb type=\u00bb4_4&#8243; theme_builder_area=\u00bbpost_content\u00bb][et_pb_text _builder_version=\u00bb4.25.0&#8243; _module_preset=\u00bbdefault\u00bb theme_builder_area=\u00bbpost_content\u00bb hover_enabled=\u00bb0&#8243; sticky_enabled=\u00bb0&#8243;]<\/p>\n<p><strong>AVISO LEGAL<\/strong><\/p>\n<p><strong>En cumplimiento con el deber de informaci\u00f3n establecido en la Ley 34\/2002, de 11 de julio, de Servicios de la Sociedad de la Informaci\u00f3n y del Comercio Electr\u00f3nico, a continuaci\u00f3n se indican los datos de informaci\u00f3n general de este sitio web:<\/strong><\/p>\n<p><strong>Titular del Sitio Web<\/strong><\/p>\n<p><strong>Envases Metal\u00fargicos de \u00c1lava, S.A.<\/strong><\/p>\n<p><strong>NIF:<\/strong> A-01002252<\/p>\n<p><strong>Domicilio social:<\/strong> Goienuri 1, 01400 Llodio (\u00c1lava), Espa\u00f1a<\/p>\n<p><strong>Correo electr\u00f3nico: ventasnac@envases.org<\/strong><\/p>\n<p><strong>Tel\u00e9fono:<\/strong> +34 946 72 62 50<\/p>\n<p><strong>Inscrita en el Registro Mercantil de \u00c1lava, Libro 29 de la secci\u00f3n 3\u00aa de Sociedades<\/strong>, Folio 101, Hoja N\u00ba 490, Fecha de Inscripci\u00f3n 8-5-1948.<\/p>\n<p><strong>Objeto social:<\/strong> La fabricaci\u00f3n y venta de envases met\u00e1licos.<\/p>\n<ol>\n<li><strong> Condiciones de uso<\/strong><\/li>\n<\/ol>\n<p>El presente Aviso Legal regula el acceso y utilizaci\u00f3n del sitio web <a href=\"https:\/\/www.envases-group.com\"><strong>https:\/\/www.envases-group.com<\/strong><\/a> (en adelante, \u00abel Sitio Web\u00bb), titularidad de <strong>Envases Metal\u00fargicos de \u00c1lava, S.A.<\/strong> (en adelante, \u00ab<strong>Envases<\/strong>\u00ab). El acceso al Sitio Web y la utilizaci\u00f3n del mismo <span>implica la aceptaci\u00f3n plena y sin reservas de todas y cada una de las disposiciones incluidas en este Aviso Legal, que pueden sufrir modificaci\u00f3n<\/span> sin previo aviso.<\/p>\n<p><strong>Envases <\/strong>se reserva el derecho a modificar o eliminar el contenido del Sitio Web, as\u00ed como su dise\u00f1o o estructura, sin previo aviso. Asimismo, <strong>Envases <\/strong>se reserva el derecho a interrumpir, temporal o permanentemente, el acceso al Sitio Web, sin previo aviso.<\/p>\n<ol start=\"2\">\n<li><strong> Propiedad intelectual e industrial<\/strong><\/li>\n<\/ol>\n<p>Todos los contenidos del Sitio Web, tales como textos, im\u00e1genes, gr\u00e1ficos, marcas y logotipos, est\u00e1n protegidos por los derechos de propiedad intelectual e industrial de <strong>Envases <\/strong>o de terceros titulares de los mismos. El usuario no podr\u00e1 reproducir, distribuir, comunicar p\u00fablicamente, transformar, crear obras derivadas ni realizar ning\u00fan otro acto de explotaci\u00f3n de los signos distintivos y del contenido del Sitio Web, sin la previa autorizaci\u00f3n expresa y por escrito de <strong>Envases <\/strong>o del titular leg\u00edtimo de los derechos.<\/p>\n<ol start=\"3\">\n<li><strong> Responsabilidad del usuario<\/strong><\/li>\n<\/ol>\n<p>El usuario se compromete a utilizar el Sitio Web de forma l\u00edcita y de acuerdo con las presentes Condiciones de Uso, as\u00ed como a respetar los derechos de propiedad intelectual e industrial de <strong>Envases <\/strong>y de terceros. El usuario no deber\u00e1 realizar ninguna actividad que pueda da\u00f1ar o deteriorar el Sitio Web, ni interferir en el normal funcionamiento del mismo.<\/p>\n<p><strong>Envases <\/strong>no se responsabiliza de los da\u00f1os y perjuicios que puedan derivarse del uso indebido del Sitio Web.<\/p>\n<ol start=\"4\">\n<li><strong> Enlaces<\/strong><\/li>\n<\/ol>\n<p>En el Sitio Web se pueden encontrar enlaces a otras p\u00e1ginas web de terceros. <strong>Envases <\/strong>no se responsabiliza del contenido de las p\u00e1ginas web enlazadas, ni de las condiciones de uso de las mismas.<\/p>\n<ol start=\"5\">\n<li><strong> Protecci\u00f3n de Datos Personales<\/strong><\/li>\n<\/ol>\n<p><strong>Envases<\/strong> garantiza el cumplimiento de la normativa vigente en materia de protecci\u00f3n de datos personales, conforme a lo establecido en el Reglamento (UE) 2016\/679 del Parlamento Europeo y del Consejo, de 27 de abril de 2016, relativo a la protecci\u00f3n de las personas f\u00edsicas en lo que respecta al tratamiento de datos personales y a la libre circulaci\u00f3n de estos datos.<\/p>\n<ol start=\"6\">\n<li><strong> Jurisdicci\u00f3n y legislaci\u00f3n aplicable<\/strong><\/li>\n<\/ol>\n<p>Las presentes Condiciones de Uso se regir\u00e1n e interpretar\u00e1n de conformidad con la legislaci\u00f3n espa\u00f1ola. Para la resoluci\u00f3n de cualquier controversia que pueda surgir en relaci\u00f3n con la interpretaci\u00f3n o ejecuci\u00f3n de las presentes Condiciones de Uso, las partes se someten a la jurisdicci\u00f3n de los tribunales de la ciudad de Vitoria-Gasteiz.<\/p>\n<ol start=\"7\">\n<li><strong> Contacto<\/strong><\/li>\n<\/ol>\n<p>Para cualquier consulta o sugerencia, puede ponerse en contacto con nosotros a trav\u00e9s de la siguiente direcci\u00f3n de correo electr\u00f3nico: ventasnac@envases.org<\/p>\n<p>[\/et_pb_text][\/et_pb_column][\/et_pb_row][\/et_pb_section]<\/p>\n","protected":false},"excerpt":{"rendered":"<p>AVISO LEGAL En cumplimiento con el deber de informaci\u00f3n establecido en la Ley 34\/2002, de 11 de julio, de Servicios de la Sociedad de la Informaci\u00f3n y del Comercio Electr\u00f3nico, a continuaci\u00f3n se indican los datos de informaci\u00f3n general de este sitio web: Titular del Sitio Web Envases Metal\u00fargicos de \u00c1lava, S.A. NIF: A-01002252 Domicilio [&hellip;]<\/p>\n","protected":false},"author":1,"featured_media":0,"parent":0,"menu_order":0,"comment_status":"closed","ping_status":"closed","template":"","meta":{"_et_pb_use_builder":"on","_et_pb_old_content":"","_et_gb_content_width":"","footnotes":""},"class_list":["post-1416","page","type-page","status-publish","hentry"],"yoast_head":"<!-- This site is optimized with the Yoast SEO plugin v26.7 - https:\/\/yoast.com\/wordpress\/plugins\/seo\/ -->\n<title>Aviso Legal - Envases de Aluminio<\/title>\n<meta name=\"robots\" content=\"index, follow, max-snippet:-1, max-image-preview:large, max-video-preview:-1\" \/>\n<link rel=\"canonical\" href=\"https:\/\/envases-group.com\/es\/aviso-legal\/\" \/>\n<meta property=\"og:locale\" content=\"es_ES\" \/>\n<meta property=\"og:type\" content=\"article\" \/>\n<meta property=\"og:title\" content=\"Aviso Legal - Envases de Aluminio\" \/>\n<meta property=\"og:description\" content=\"AVISO LEGAL En cumplimiento con el deber de informaci\u00f3n establecido en la Ley 34\/2002, de 11 de julio, de Servicios de la Sociedad de la Informaci\u00f3n y del Comercio Electr\u00f3nico, a continuaci\u00f3n se indican los datos de informaci\u00f3n general de este sitio web: Titular del Sitio Web Envases Metal\u00fargicos de \u00c1lava, S.A. NIF: A-01002252 Domicilio [&hellip;]\" \/>\n<meta property=\"og:url\" content=\"https:\/\/envases-group.com\/es\/aviso-legal\/\" \/>\n<meta property=\"og:site_name\" content=\"Envases de Aluminio\" \/>\n<meta property=\"article:modified_time\" content=\"2024-04-30T11:38:41+00:00\" \/>\n<meta name=\"twitter:card\" content=\"summary_large_image\" \/>\n<script type=\"application\/ld+json\" class=\"yoast-schema-graph\">{\"@context\":\"https:\/\/schema.org\",\"@graph\":[{\"@type\":\"WebPage\",\"@id\":\"https:\/\/envases-group.com\/es\/aviso-legal\/\",\"url\":\"https:\/\/envases-group.com\/es\/aviso-legal\/\",\"name\":\"Aviso Legal - Envases de Aluminio\",\"isPartOf\":{\"@id\":\"https:\/\/envases-group.com\/es\/#website\"},\"datePublished\":\"2023-05-24T09:23:18+00:00\",\"dateModified\":\"2024-04-30T11:38:41+00:00\",\"breadcrumb\":{\"@id\":\"https:\/\/envases-group.com\/es\/aviso-legal\/#breadcrumb\"},\"inLanguage\":\"es\",\"potentialAction\":[{\"@type\":\"ReadAction\",\"target\":[\"https:\/\/envases-group.com\/es\/aviso-legal\/\"]}]},{\"@type\":\"BreadcrumbList\",\"@id\":\"https:\/\/envases-group.com\/es\/aviso-legal\/#breadcrumb\",\"itemListElement\":[{\"@type\":\"ListItem\",\"position\":1,\"name\":\"Portada\",\"item\":\"https:\/\/envases-group.com\/es\/\"},{\"@type\":\"ListItem\",\"position\":2,\"name\":\"Aviso Legal\"}]},{\"@type\":\"WebSite\",\"@id\":\"https:\/\/envases-group.com\/es\/#website\",\"url\":\"https:\/\/envases-group.com\/es\/\",\"name\":\"Envases Group | Envases de aluminio\",\"description\":\"Envases de Aluminio, 100% Reciclable, siempre Reciclable | ENVASES est\u00e1 siempre focalizado en la mejora de la calidad y la eficiencia. Tanto por la v\u00eda de la inversi\u00f3n en I+D como a trav\u00e9s de la experiencia de nuestro personal\",\"publisher\":{\"@id\":\"https:\/\/envases-group.com\/es\/#organization\"},\"alternateName\":\"Envases de aluminio\",\"potentialAction\":[{\"@type\":\"SearchAction\",\"target\":{\"@type\":\"EntryPoint\",\"urlTemplate\":\"https:\/\/envases-group.com\/es\/?s={search_term_string}\"},\"query-input\":{\"@type\":\"PropertyValueSpecification\",\"valueRequired\":true,\"valueName\":\"search_term_string\"}}],\"inLanguage\":\"es\"},{\"@type\":\"Organization\",\"@id\":\"https:\/\/envases-group.com\/es\/#organization\",\"name\":\"Envases Group | Envases de aluminio\",\"alternateName\":\"Envases de aluminio\",\"url\":\"https:\/\/envases-group.com\/es\/\",\"logo\":{\"@type\":\"ImageObject\",\"inLanguage\":\"es\",\"@id\":\"https:\/\/envases-group.com\/es\/#\/schema\/logo\/image\/\",\"url\":\"https:\/\/envases-group.com\/wp-content\/uploads\/2023\/03\/logro-envases-2.png\",\"contentUrl\":\"https:\/\/envases-group.com\/wp-content\/uploads\/2023\/03\/logro-envases-2.png\",\"width\":174,\"height\":60,\"caption\":\"Envases Group | Envases de aluminio\"},\"image\":{\"@id\":\"https:\/\/envases-group.com\/es\/#\/schema\/logo\/image\/\"},\"sameAs\":[\"https:\/\/www.instagram.com\/envasesgroup\/\",\"https:\/\/www.linkedin.com\/company\/envases-group\/\"]}]}<\/script>\n<!-- \/ Yoast SEO plugin. -->","yoast_head_json":{"title":"Aviso Legal - Envases de Aluminio","robots":{"index":"index","follow":"follow","max-snippet":"max-snippet:-1","max-image-preview":"max-image-preview:large","max-video-preview":"max-video-preview:-1"},"canonical":"https:\/\/envases-group.com\/es\/aviso-legal\/","og_locale":"es_ES","og_type":"article","og_title":"Aviso Legal - Envases de Aluminio","og_description":"AVISO LEGAL En cumplimiento con el deber de informaci\u00f3n establecido en la Ley 34\/2002, de 11 de julio, de Servicios de la Sociedad de la Informaci\u00f3n y del Comercio Electr\u00f3nico, a continuaci\u00f3n se indican los datos de informaci\u00f3n general de este sitio web: Titular del Sitio Web Envases Metal\u00fargicos de \u00c1lava, S.A. NIF: A-01002252 Domicilio [&hellip;]","og_url":"https:\/\/envases-group.com\/es\/aviso-legal\/","og_site_name":"Envases de Aluminio","article_modified_time":"2024-04-30T11:38:41+00:00","twitter_card":"summary_large_image","schema":{"@context":"https:\/\/schema.org","@graph":[{"@type":"WebPage","@id":"https:\/\/envases-group.com\/es\/aviso-legal\/","url":"https:\/\/envases-group.com\/es\/aviso-legal\/","name":"Aviso Legal - Envases de Aluminio","isPartOf":{"@id":"https:\/\/envases-group.com\/es\/#website"},"datePublished":"2023-05-24T09:23:18+00:00","dateModified":"2024-04-30T11:38:41+00:00","breadcrumb":{"@id":"https:\/\/envases-group.com\/es\/aviso-legal\/#breadcrumb"},"inLanguage":"es","potentialAction":[{"@type":"ReadAction","target":["https:\/\/envases-group.com\/es\/aviso-legal\/"]}]},{"@type":"BreadcrumbList","@id":"https:\/\/envases-group.com\/es\/aviso-legal\/#breadcrumb","itemListElement":[{"@type":"ListItem","position":1,"name":"Portada","item":"https:\/\/envases-group.com\/es\/"},{"@type":"ListItem","position":2,"name":"Aviso Legal"}]},{"@type":"WebSite","@id":"https:\/\/envases-group.com\/es\/#website","url":"https:\/\/envases-group.com\/es\/","name":"Envases Group | Envases de aluminio","description":"Envases de Aluminio, 100% Reciclable, siempre Reciclable | ENVASES est\u00e1 siempre focalizado en la mejora de la calidad y la eficiencia. Tanto por la v\u00eda de la inversi\u00f3n en I+D como a trav\u00e9s de la experiencia de nuestro personal","publisher":{"@id":"https:\/\/envases-group.com\/es\/#organization"},"alternateName":"Envases de aluminio","potentialAction":[{"@type":"SearchAction","target":{"@type":"EntryPoint","urlTemplate":"https:\/\/envases-group.com\/es\/?s={search_term_string}"},"query-input":{"@type":"PropertyValueSpecification","valueRequired":true,"valueName":"search_term_string"}}],"inLanguage":"es"},{"@type":"Organization","@id":"https:\/\/envases-group.com\/es\/#organization","name":"Envases Group | Envases de aluminio","alternateName":"Envases de aluminio","url":"https:\/\/envases-group.com\/es\/","logo":{"@type":"ImageObject","inLanguage":"es","@id":"https:\/\/envases-group.com\/es\/#\/schema\/logo\/image\/","url":"https:\/\/envases-group.com\/wp-content\/uploads\/2023\/03\/logro-envases-2.png","contentUrl":"https:\/\/envases-group.com\/wp-content\/uploads\/2023\/03\/logro-envases-2.png","width":174,"height":60,"caption":"Envases Group | Envases de aluminio"},"image":{"@id":"https:\/\/envases-group.com\/es\/#\/schema\/logo\/image\/"},"sameAs":["https:\/\/www.instagram.com\/envasesgroup\/","https:\/\/www.linkedin.com\/company\/envases-group\/"]}]}},"_links":{"self":[{"href":"https:\/\/envases-group.com\/es\/wp-json\/wp\/v2\/pages\/1416","targetHints":{"allow":["GET"]}}],"collection":[{"href":"https:\/\/envases-group.com\/es\/wp-json\/wp\/v2\/pages"}],"about":[{"href":"https:\/\/envases-group.com\/es\/wp-json\/wp\/v2\/types\/page"}],"author":[{"embeddable":true,"href":"https:\/\/envases-group.com\/es\/wp-json\/wp\/v2\/users\/1"}],"replies":[{"embeddable":true,"href":"https:\/\/envases-group.com\/es\/wp-json\/wp\/v2\/comments?post=1416"}],"version-history":[{"count":3,"href":"https:\/\/envases-group.com\/es\/wp-json\/wp\/v2\/pages\/1416\/revisions"}],"predecessor-version":[{"id":1611,"href":"https:\/\/envases-group.com\/es\/wp-json\/wp\/v2\/pages\/1416\/revisions\/1611"}],"wp:attachment":[{"href":"https:\/\/envases-group.com\/es\/wp-json\/wp\/v2\/media?parent=1416"}],"curies":[{"name":"wp","href":"https:\/\/api.w.org\/{rel}","templated":true}]}}