{"id":1443,"date":"2023-05-24T10:45:28","date_gmt":"2023-05-24T10:45:28","guid":{"rendered":"https:\/\/envases-group.com\/?page_id=1443"},"modified":"2024-04-30T12:00:05","modified_gmt":"2024-04-30T12:00:05","slug":"politica-de-privacidad","status":"publish","type":"page","link":"https:\/\/envases-group.com\/es\/politica-de-privacidad\/","title":{"rendered":"Pol\u00edtica de privacidad"},"content":{"rendered":"<p>[et_pb_section fb_built=\u00bb1&#8243; _builder_version=\u00bb4.25.0&#8243; _module_preset=\u00bbdefault\u00bb global_colors_info=\u00bb{}\u00bb][et_pb_row _builder_version=\u00bb4.25.0&#8243; _module_preset=\u00bbdefault\u00bb global_colors_info=\u00bb{}\u00bb][et_pb_column type=\u00bb4_4&#8243; _builder_version=\u00bb4.25.0&#8243; _module_preset=\u00bbdefault\u00bb global_colors_info=\u00bb{}\u00bb][et_pb_text _builder_version=\u00bb4.25.0&#8243; _module_preset=\u00bbdefault\u00bb global_colors_info=\u00bb{}\u00bb]<\/p>\n<p><strong>Pol\u00edtica de Privacidad<\/strong><\/p>\n<p>En Envases Metal\u00fargicos de \u00c1lava, S.A. (en adelante, \u201cEnvases\u00bb o \u00abla empresa\u00bb), entendemos la importancia de proteger la privacidad de la informaci\u00f3n personal de nuestros usuarios y clientes. Por ello, nos comprometemos a garantizar un adecuado tratamiento y protecci\u00f3n de los datos personales conforme a la normativa vigente en materia de protecci\u00f3n de datos.<\/p>\n<p>&nbsp;<\/p>\n<ol>\n<li><strong> Responsable del tratamiento<\/strong><\/li>\n<\/ol>\n<p><strong>Envases Metal\u00fargicos de \u00c1lava, S.A.<\/strong>, con NIF A-01002252 y domicilio social en Goienuri 1, 01400 Llodio (\u00c1lava), Espa\u00f1a, es el responsable del tratamiento de los datos personales que usted nos proporciona a trav\u00e9s del Sitio Web.<\/p>\n<p>&nbsp;<\/p>\n<ol start=\"2\">\n<li><strong> Finalidades del tratamiento<\/strong><\/li>\n<\/ol>\n<p>Los datos personales que usted nos proporciona se utilizar\u00e1n para las siguientes finalidades:<\/p>\n<ul>\n<li>Gestionar su solicitud de contacto o informaci\u00f3n.<\/li>\n<li>Enviarle informaci\u00f3n comercial sobre nuestros productos y servicios.<\/li>\n<\/ul>\n<p>&nbsp;<\/p>\n<ol start=\"3\">\n<li><strong> Legitimaci\u00f3n del tratamiento<\/strong><\/li>\n<\/ol>\n<p>El tratamiento de sus datos personales se basa en su consentimiento expreso.<\/p>\n<ol start=\"4\">\n<li><strong> Conservaci\u00f3n de los datos<\/strong><\/li>\n<\/ol>\n<p>Sus datos personales ser\u00e1n conservados durante el tiempo necesario para cumplir con la finalidad para la que fueron recabados y, en su caso, durante el plazo legal obligatorio.<\/p>\n<ol start=\"5\">\n<li><strong> Destinatarios de los datos<\/strong><\/li>\n<\/ol>\n<p>Sus datos personales no ser\u00e1n cedidos a terceros, salvo que exista una obligaci\u00f3n legal para ello.<\/p>\n<ol start=\"6\">\n<li><strong> Derechos del usuario<\/strong><\/li>\n<\/ol>\n<p>Los usuarios pueden ejercer en cualquier momento sus derechos de acceso, rectificaci\u00f3n, cancelaci\u00f3n, oposici\u00f3n, portabilidad y limitaci\u00f3n del tratamiento de sus datos personales, conforme a lo establecido en la normativa vigente en materia de protecci\u00f3n de datos.<\/p>\n<p>Para ejercitar sus derechos, deber\u00e1 dirigirse a <strong>Envases Metal\u00fargicos de \u00c1lava, S.A.<\/strong> en la direcci\u00f3n postal indicada en el encabezamiento de la presente Pol\u00edtica de Privacidad o a trav\u00e9s del correo electr\u00f3nico <a href=\"mailto:ventasnac@envases.org\">ventasnac@envases.org<\/a> identific\u00e1ndose debidamente e indicando la concreta solicitud que desea realizar.<\/p>\n<p>&nbsp;<\/p>\n<ol start=\"7\">\n<li><strong> Medidas de seguridad<\/strong><\/li>\n<\/ol>\n<p><strong>Envases <\/strong>ha adoptado las medidas de seguridad necesarias para proteger los datos personales de sus usuarios frente a accesos no autorizados, alteraciones, p\u00e9rdida, destrucci\u00f3n o tratamientos indebidos.<\/p>\n<p>&nbsp;<\/p>\n<ol start=\"8\">\n<li><strong> Cookies<\/strong><\/li>\n<\/ol>\n<p>El Sitio Web utiliza cookies, que son peque\u00f1os archivos de texto que se generan en su ordenador cuando navega por el mismo. Las cookies permiten al Sitio Web recordar sus datos de acceso y otras preferencias para que no tenga que volver a introducirlos cada vez que visite el Sitio Web o navegue de una p\u00e1gina a otra.<\/p>\n<p>Puede configurar su navegador para que le informe sobre la recepci\u00f3n de cookies y para que le permita bloquear su instalaci\u00f3n en su disco duro. Sin embargo, si bloquea la instalaci\u00f3n de cookies, es posible que algunos de los servicios del Sitio Web no funcionen correctamente.<\/p>\n<ol start=\"9\">\n<li><strong> Modificaciones de la Pol\u00edtica de Privacidad<\/strong><\/li>\n<\/ol>\n<p><strong>Envases <\/strong>se reserva el derecho a modificar la presente Pol\u00edtica de Privacidad para adaptarla a las novedades legislativas o jurisprudenciales, as\u00ed como a sus pr\u00e1cticas internas. Cualquier modificaci\u00f3n ser\u00e1 publicada en este sitio web, por lo que se recomienda revisar peri\u00f3dicamente esta Pol\u00edtica de Privacidad.<\/p>\n<p>&nbsp;<\/p>\n<ol start=\"10\">\n<li><strong> Contacto<\/strong><\/li>\n<\/ol>\n<p>Para cualquier duda o aclaraci\u00f3n relacionada con la presente Pol\u00edtica de Privacidad, puede ponerse en contacto con <strong>Envases Metal\u00fargicos de \u00c1lava, S.A.<\/strong> en la direcci\u00f3n postal indicada en el encabezamiento de la presente Pol\u00edtica de Privacidad o a trav\u00e9s del correo electr\u00f3nico ventasnac@envases.org<\/p>\n<p>&nbsp;<\/p>\n<p>[\/et_pb_text][\/et_pb_column][\/et_pb_row][\/et_pb_section]<\/p>\n","protected":false},"excerpt":{"rendered":"<p>Pol\u00edtica de Privacidad En Envases Metal\u00fargicos de \u00c1lava, S.A. (en adelante, \u201cEnvases\u00bb o \u00abla empresa\u00bb), entendemos la importancia de proteger la privacidad de la informaci\u00f3n personal de nuestros usuarios y clientes. Por ello, nos comprometemos a garantizar un adecuado tratamiento y protecci\u00f3n de los datos personales conforme a la normativa vigente en materia de protecci\u00f3n [&hellip;]<\/p>\n","protected":false},"author":1,"featured_media":0,"parent":0,"menu_order":0,"comment_status":"closed","ping_status":"closed","template":"","meta":{"_et_pb_use_builder":"on","_et_pb_old_content":"","_et_gb_content_width":"","footnotes":""},"class_list":["post-1443","page","type-page","status-publish","hentry"],"yoast_head":"<!-- This site is optimized with the Yoast SEO plugin v26.7 - https:\/\/yoast.com\/wordpress\/plugins\/seo\/ -->\n<title>Pol\u00edtica de privacidad - Envases de Aluminio<\/title>\n<meta name=\"robots\" content=\"index, follow, max-snippet:-1, max-image-preview:large, max-video-preview:-1\" \/>\n<link rel=\"canonical\" href=\"https:\/\/envases-group.com\/es\/politica-de-privacidad\/\" \/>\n<meta property=\"og:locale\" content=\"es_ES\" \/>\n<meta property=\"og:type\" content=\"article\" \/>\n<meta property=\"og:title\" content=\"Pol\u00edtica de privacidad - Envases de Aluminio\" \/>\n<meta property=\"og:description\" content=\"Pol\u00edtica de Privacidad En Envases Metal\u00fargicos de \u00c1lava, S.A. (en adelante, \u201cEnvases&quot; o &quot;la empresa&quot;), entendemos la importancia de proteger la privacidad de la informaci\u00f3n personal de nuestros usuarios y clientes. Por ello, nos comprometemos a garantizar un adecuado tratamiento y protecci\u00f3n de los datos personales conforme a la normativa vigente en materia de protecci\u00f3n [&hellip;]\" \/>\n<meta property=\"og:url\" content=\"https:\/\/envases-group.com\/es\/politica-de-privacidad\/\" \/>\n<meta property=\"og:site_name\" content=\"Envases de Aluminio\" \/>\n<meta property=\"article:modified_time\" content=\"2024-04-30T12:00:05+00:00\" \/>\n<meta name=\"twitter:card\" content=\"summary_large_image\" \/>\n<meta name=\"twitter:label1\" content=\"Tiempo de lectura\" \/>\n\t<meta name=\"twitter:data1\" content=\"3 minutos\" \/>\n<script type=\"application\/ld+json\" class=\"yoast-schema-graph\">{\"@context\":\"https:\/\/schema.org\",\"@graph\":[{\"@type\":\"WebPage\",\"@id\":\"https:\/\/envases-group.com\/es\/politica-de-privacidad\/\",\"url\":\"https:\/\/envases-group.com\/es\/politica-de-privacidad\/\",\"name\":\"Pol\u00edtica de privacidad - Envases de Aluminio\",\"isPartOf\":{\"@id\":\"https:\/\/envases-group.com\/es\/#website\"},\"datePublished\":\"2023-05-24T10:45:28+00:00\",\"dateModified\":\"2024-04-30T12:00:05+00:00\",\"breadcrumb\":{\"@id\":\"https:\/\/envases-group.com\/es\/politica-de-privacidad\/#breadcrumb\"},\"inLanguage\":\"es\",\"potentialAction\":[{\"@type\":\"ReadAction\",\"target\":[\"https:\/\/envases-group.com\/es\/politica-de-privacidad\/\"]}]},{\"@type\":\"BreadcrumbList\",\"@id\":\"https:\/\/envases-group.com\/es\/politica-de-privacidad\/#breadcrumb\",\"itemListElement\":[{\"@type\":\"ListItem\",\"position\":1,\"name\":\"Portada\",\"item\":\"https:\/\/envases-group.com\/es\/\"},{\"@type\":\"ListItem\",\"position\":2,\"name\":\"Pol\u00edtica de privacidad\"}]},{\"@type\":\"WebSite\",\"@id\":\"https:\/\/envases-group.com\/es\/#website\",\"url\":\"https:\/\/envases-group.com\/es\/\",\"name\":\"Envases Group | Envases de aluminio\",\"description\":\"Envases de Aluminio, 100% Reciclable, siempre Reciclable | ENVASES est\u00e1 siempre focalizado en la mejora de la calidad y la eficiencia. Tanto por la v\u00eda de la inversi\u00f3n en I+D como a trav\u00e9s de la experiencia de nuestro personal\",\"publisher\":{\"@id\":\"https:\/\/envases-group.com\/es\/#organization\"},\"alternateName\":\"Envases de aluminio\",\"potentialAction\":[{\"@type\":\"SearchAction\",\"target\":{\"@type\":\"EntryPoint\",\"urlTemplate\":\"https:\/\/envases-group.com\/es\/?s={search_term_string}\"},\"query-input\":{\"@type\":\"PropertyValueSpecification\",\"valueRequired\":true,\"valueName\":\"search_term_string\"}}],\"inLanguage\":\"es\"},{\"@type\":\"Organization\",\"@id\":\"https:\/\/envases-group.com\/es\/#organization\",\"name\":\"Envases Group | Envases de aluminio\",\"alternateName\":\"Envases de aluminio\",\"url\":\"https:\/\/envases-group.com\/es\/\",\"logo\":{\"@type\":\"ImageObject\",\"inLanguage\":\"es\",\"@id\":\"https:\/\/envases-group.com\/es\/#\/schema\/logo\/image\/\",\"url\":\"https:\/\/envases-group.com\/wp-content\/uploads\/2023\/03\/logro-envases-2.png\",\"contentUrl\":\"https:\/\/envases-group.com\/wp-content\/uploads\/2023\/03\/logro-envases-2.png\",\"width\":174,\"height\":60,\"caption\":\"Envases Group | Envases de aluminio\"},\"image\":{\"@id\":\"https:\/\/envases-group.com\/es\/#\/schema\/logo\/image\/\"},\"sameAs\":[\"https:\/\/www.instagram.com\/envasesgroup\/\",\"https:\/\/www.linkedin.com\/company\/envases-group\/\"]}]}<\/script>\n<!-- \/ Yoast SEO plugin. -->","yoast_head_json":{"title":"Pol\u00edtica de privacidad - Envases de Aluminio","robots":{"index":"index","follow":"follow","max-snippet":"max-snippet:-1","max-image-preview":"max-image-preview:large","max-video-preview":"max-video-preview:-1"},"canonical":"https:\/\/envases-group.com\/es\/politica-de-privacidad\/","og_locale":"es_ES","og_type":"article","og_title":"Pol\u00edtica de privacidad - Envases de Aluminio","og_description":"Pol\u00edtica de Privacidad En Envases Metal\u00fargicos de \u00c1lava, S.A. (en adelante, \u201cEnvases\" o \"la empresa\"), entendemos la importancia de proteger la privacidad de la informaci\u00f3n personal de nuestros usuarios y clientes. Por ello, nos comprometemos a garantizar un adecuado tratamiento y protecci\u00f3n de los datos personales conforme a la normativa vigente en materia de protecci\u00f3n [&hellip;]","og_url":"https:\/\/envases-group.com\/es\/politica-de-privacidad\/","og_site_name":"Envases de Aluminio","article_modified_time":"2024-04-30T12:00:05+00:00","twitter_card":"summary_large_image","twitter_misc":{"Tiempo de lectura":"3 minutos"},"schema":{"@context":"https:\/\/schema.org","@graph":[{"@type":"WebPage","@id":"https:\/\/envases-group.com\/es\/politica-de-privacidad\/","url":"https:\/\/envases-group.com\/es\/politica-de-privacidad\/","name":"Pol\u00edtica de privacidad - Envases de Aluminio","isPartOf":{"@id":"https:\/\/envases-group.com\/es\/#website"},"datePublished":"2023-05-24T10:45:28+00:00","dateModified":"2024-04-30T12:00:05+00:00","breadcrumb":{"@id":"https:\/\/envases-group.com\/es\/politica-de-privacidad\/#breadcrumb"},"inLanguage":"es","potentialAction":[{"@type":"ReadAction","target":["https:\/\/envases-group.com\/es\/politica-de-privacidad\/"]}]},{"@type":"BreadcrumbList","@id":"https:\/\/envases-group.com\/es\/politica-de-privacidad\/#breadcrumb","itemListElement":[{"@type":"ListItem","position":1,"name":"Portada","item":"https:\/\/envases-group.com\/es\/"},{"@type":"ListItem","position":2,"name":"Pol\u00edtica de privacidad"}]},{"@type":"WebSite","@id":"https:\/\/envases-group.com\/es\/#website","url":"https:\/\/envases-group.com\/es\/","name":"Envases Group | Envases de aluminio","description":"Envases de Aluminio, 100% Reciclable, siempre Reciclable | ENVASES est\u00e1 siempre focalizado en la mejora de la calidad y la eficiencia. Tanto por la v\u00eda de la inversi\u00f3n en I+D como a trav\u00e9s de la experiencia de nuestro personal","publisher":{"@id":"https:\/\/envases-group.com\/es\/#organization"},"alternateName":"Envases de aluminio","potentialAction":[{"@type":"SearchAction","target":{"@type":"EntryPoint","urlTemplate":"https:\/\/envases-group.com\/es\/?s={search_term_string}"},"query-input":{"@type":"PropertyValueSpecification","valueRequired":true,"valueName":"search_term_string"}}],"inLanguage":"es"},{"@type":"Organization","@id":"https:\/\/envases-group.com\/es\/#organization","name":"Envases Group | Envases de aluminio","alternateName":"Envases de aluminio","url":"https:\/\/envases-group.com\/es\/","logo":{"@type":"ImageObject","inLanguage":"es","@id":"https:\/\/envases-group.com\/es\/#\/schema\/logo\/image\/","url":"https:\/\/envases-group.com\/wp-content\/uploads\/2023\/03\/logro-envases-2.png","contentUrl":"https:\/\/envases-group.com\/wp-content\/uploads\/2023\/03\/logro-envases-2.png","width":174,"height":60,"caption":"Envases Group | Envases de aluminio"},"image":{"@id":"https:\/\/envases-group.com\/es\/#\/schema\/logo\/image\/"},"sameAs":["https:\/\/www.instagram.com\/envasesgroup\/","https:\/\/www.linkedin.com\/company\/envases-group\/"]}]}},"_links":{"self":[{"href":"https:\/\/envases-group.com\/es\/wp-json\/wp\/v2\/pages\/1443","targetHints":{"allow":["GET"]}}],"collection":[{"href":"https:\/\/envases-group.com\/es\/wp-json\/wp\/v2\/pages"}],"about":[{"href":"https:\/\/envases-group.com\/es\/wp-json\/wp\/v2\/types\/page"}],"author":[{"embeddable":true,"href":"https:\/\/envases-group.com\/es\/wp-json\/wp\/v2\/users\/1"}],"replies":[{"embeddable":true,"href":"https:\/\/envases-group.com\/es\/wp-json\/wp\/v2\/comments?post=1443"}],"version-history":[{"count":4,"href":"https:\/\/envases-group.com\/es\/wp-json\/wp\/v2\/pages\/1443\/revisions"}],"predecessor-version":[{"id":1638,"href":"https:\/\/envases-group.com\/es\/wp-json\/wp\/v2\/pages\/1443\/revisions\/1638"}],"wp:attachment":[{"href":"https:\/\/envases-group.com\/es\/wp-json\/wp\/v2\/media?parent=1443"}],"curies":[{"name":"wp","href":"https:\/\/api.w.org\/{rel}","templated":true}]}}