{"id":154,"date":"2023-04-11T08:51:14","date_gmt":"2023-04-11T08:51:14","guid":{"rendered":"https:\/\/envases.comertic.es\/?page_id=154"},"modified":"2023-10-23T08:27:21","modified_gmt":"2023-10-23T08:27:21","slug":"pulgada","status":"publish","type":"page","link":"https:\/\/envases-group.com\/es\/productos\/pulgada\/","title":{"rendered":"PULGADA es"},"content":{"rendered":"<p>[et_pb_section fb_built=\u00bb1&#8243; _builder_version=\u00bb4.23&#8243; _module_preset=\u00bbdefault\u00bb custom_padding=\u00bb22px|||||\u00bb animation_style=\u00bbfade\u00bb hover_enabled=\u00bb0&#8243; global_colors_info=\u00bb{}\u00bb sticky_enabled=\u00bb0&#8243;][et_pb_row _builder_version=\u00bb4.20.4&#8243; _module_preset=\u00bbdefault\u00bb custom_padding=\u00bb||0px||false|false\u00bb global_colors_info=\u00bb{}\u00bb][et_pb_column type=\u00bb4_4&#8243; _builder_version=\u00bb4.20.4&#8243; _module_preset=\u00bbdefault\u00bb global_colors_info=\u00bb{}\u00bb][et_pb_text _builder_version=\u00bb4.20.4&#8243; _module_preset=\u00bbdefault\u00bb text_font=\u00bb|300|||||||\u00bb text_text_color=\u00bb#25282A\u00bb text_font_size=\u00bb37px\u00bb custom_margin=\u00bb1px||13px||false|false\u00bb global_colors_info=\u00bb{}\u00bb]PULGADA[\/et_pb_text][et_pb_text _builder_version=\u00bb4.20.4&#8243; _module_preset=\u00bbdefault\u00bb text_font=\u00bb|300|||||||\u00bb text_text_color=\u00bb#25282A\u00bb text_font_size=\u00bb24px\u00bb custom_margin=\u00bb0px||10px||false|false\u00bb global_colors_info=\u00bb{}\u00bb]The Most Versatile Opening[\/et_pb_text][et_pb_divider color=\u00bb#E4F250&#8243; _builder_version=\u00bb4.20.4&#8243; _module_preset=\u00bbdefault\u00bb global_colors_info=\u00bb{}\u00bb][\/et_pb_divider][\/et_pb_column][\/et_pb_row][et_pb_row column_structure=\u00bb3_5,2_5&#8243; _builder_version=\u00bb4.20.4&#8243; _module_preset=\u00bbdefault\u00bb global_colors_info=\u00bb{}\u00bb][et_pb_column type=\u00bb3_5&#8243; _builder_version=\u00bb4.20.4&#8243; _module_preset=\u00bbdefault\u00bb global_colors_info=\u00bb{}\u00bb][et_pb_image src=\u00bbhttps:\/\/envases-group.com\/wp-content\/uploads\/2023\/04\/oneinch2b-1030&#215;687-1.jpg\u00bb title_text=\u00bboneinch2b-1030&#215;687&#8243; _builder_version=\u00bb4.20.4&#8243; _module_preset=\u00bbdefault\u00bb border_width_right=\u00bb1px\u00bb border_color_right=\u00bb#E4F250&#8243; border_width_bottom=\u00bb1px\u00bb border_color_bottom=\u00bb#E4F250&#8243; border_width_left=\u00bb1px\u00bb border_color_left=\u00bb#E4F250&#8243; global_colors_info=\u00bb{}\u00bb][\/et_pb_image][\/et_pb_column][et_pb_column type=\u00bb2_5&#8243; _builder_version=\u00bb4.20.4&#8243; _module_preset=\u00bbdefault\u00bb global_colors_info=\u00bb{}\u00bb][et_pb_text _builder_version=\u00bb4.21.0&#8243; _module_preset=\u00bbdefault\u00bb custom_margin=\u00bb104px||||false|false\u00bb global_colors_info=\u00bb{}\u00bb]Amplio rango de di\u00e1metros, alturas, formas y decoraciones. Desde di\u00e1metro 35 a 66.[\/et_pb_text][\/et_pb_column][\/et_pb_row][\/et_pb_section][et_pb_section fb_built=\u00bb1&#8243; _builder_version=\u00bb4.23&#8243; _module_preset=\u00bbdefault\u00bb background_color=\u00bbRGBA(255,255,255,0)\u00bb custom_padding=\u00bb||5px|||\u00bb animation_style=\u00bbslide\u00bb animation_direction=\u00bbright\u00bb hover_enabled=\u00bb0&#8243; border_width_top=\u00bb1px\u00bb border_color_top=\u00bb#E4F250&#8243; border_width_bottom=\u00bb1px\u00bb border_color_bottom=\u00bb#E4F250&#8243; global_module=\u00bb1101&#8243; saved_tabs=\u00bball\u00bb locked=\u00bboff\u00bb global_colors_info=\u00bb{}\u00bb sticky_enabled=\u00bb0&#8243;][et_pb_row column_structure=\u00bb1_4,1_4,1_4,1_4&#8243; _builder_version=\u00bb4.20.4&#8243; _module_preset=\u00bbdefault\u00bb max_width=\u00bb100%\u00bb custom_margin=\u00bb|auto|61px|auto||\u00bb global_colors_info=\u00bb{}\u00bb][et_pb_column type=\u00bb1_4&#8243; _builder_version=\u00bb4.20.4&#8243; _module_preset=\u00bbdefault\u00bb global_colors_info=\u00bb{}\u00bb][et_pb_image src=\u00bbhttps:\/\/envases-group.com\/wp-content\/uploads\/2023\/05\/Pulgada-1-1.png\u00bb title_text=\u00bbPulgada (1)\u00bb align=\u00bbcenter\u00bb _builder_version=\u00bb4.20.4&#8243; _module_preset=\u00bbdefault\u00bb transform_translate_linked=\u00bboff\u00bb max_height=\u00bb450px\u00bb global_colors_info=\u00bb{}\u00bb][\/et_pb_image][\/et_pb_column][et_pb_column type=\u00bb1_4&#8243; _builder_version=\u00bb4.20.4&#8243; _module_preset=\u00bbdefault\u00bb global_colors_info=\u00bb{}\u00bb][et_pb_image src=\u00bbhttps:\/\/envases-group.com\/wp-content\/uploads\/2023\/05\/Pulgada-2.png\u00bb title_text=\u00bbPulgada\u00bb align=\u00bbcenter\u00bb _builder_version=\u00bb4.20.4&#8243; _module_preset=\u00bbdefault\u00bb transform_translate_linked=\u00bboff\u00bb height=\u00bb450px\u00bb global_colors_info=\u00bb{}\u00bb][\/et_pb_image][\/et_pb_column][et_pb_column type=\u00bb1_4&#8243; _builder_version=\u00bb4.20.4&#8243; _module_preset=\u00bbdefault\u00bb global_colors_info=\u00bb{}\u00bb][et_pb_image src=\u00bbhttps:\/\/envases-group.com\/wp-content\/uploads\/2023\/05\/Pulgada_2-1.png\u00bb title_text=\u00bbPulgada_2&#8243; align=\u00bbcenter\u00bb _builder_version=\u00bb4.20.4&#8243; _module_preset=\u00bbdefault\u00bb transform_translate_linked=\u00bboff\u00bb max_height=\u00bb450px\u00bb global_colors_info=\u00bb{}\u00bb][\/et_pb_image][\/et_pb_column][et_pb_column type=\u00bb1_4&#8243; _builder_version=\u00bb4.20.4&#8243; _module_preset=\u00bbdefault\u00bb global_colors_info=\u00bb{}\u00bb][et_pb_image src=\u00bbhttps:\/\/envases-group.com\/wp-content\/uploads\/2023\/05\/Pulgada_embossing-1.png\u00bb title_text=\u00bbPulgada_embossing\u00bb align=\u00bbcenter\u00bb _builder_version=\u00bb4.20.4&#8243; _module_preset=\u00bbdefault\u00bb transform_translate_linked=\u00bboff\u00bb max_height=\u00bb450px\u00bb global_colors_info=\u00bb{}\u00bb][\/et_pb_image][\/et_pb_column][\/et_pb_row][\/et_pb_section][et_pb_section fb_built=\u00bb1&#8243; _builder_version=\u00bb4.23&#8243; _module_preset=\u00bbdefault\u00bb background_color=\u00bb#f4f4f4&#8243; min_height=\u00bb639.8px\u00bb custom_padding=\u00bb||2px|||\u00bb animation_style=\u00bbfade\u00bb global_colors_info=\u00bb{}\u00bb][et_pb_row column_structure=\u00bb1_3,1_3,1_3&#8243; use_custom_gutter=\u00bbon\u00bb gutter_width=\u00bb4&#8243; make_equal=\u00bbon\u00bb _builder_version=\u00bb4.20.4&#8243; _module_preset=\u00bbdefault\u00bb width=\u00bb87%\u00bb max_width=\u00bb100%\u00bb min_height=\u00bb555.8px\u00bb custom_padding=\u00bb||17px|||\u00bb global_colors_info=\u00bb{}\u00bb][et_pb_column type=\u00bb1_3&#8243; _builder_version=\u00bb4.20.4&#8243; _module_preset=\u00bbdefault\u00bb global_colors_info=\u00bb{}\u00bb][et_pb_text _builder_version=\u00bb4.20.4&#8243; _module_preset=\u00bbdefault\u00bb text_font=\u00bb|300|||||||\u00bb text_text_color=\u00bb#25282A\u00bb text_font_size=\u00bb26px\u00bb custom_margin=\u00bb0px||13px||false|false\u00bb global_colors_info=\u00bb{}\u00bb]<\/p>\n<p>MERCADOS<\/p>\n<p>[\/et_pb_text][et_pb_divider color=\u00bb#E4F250&#8243; _builder_version=\u00bb4.20.4&#8243; _module_preset=\u00bbdefault\u00bb custom_margin=\u00bb||6px|||\u00bb global_colors_info=\u00bb{}\u00bb][\/et_pb_divider][et_pb_text _builder_version=\u00bb4.20.4&#8243; _module_preset=\u00bbdefault\u00bb global_colors_info=\u00bb{}\u00bb]<\/p>\n<p><strong>Cerca del 80% de la producci\u00f3n mundial est\u00e1 destinada todav\u00eda al sector cosm\u00e9tico pero debido a su espectacular funcionalidad la participaci\u00f3n de los botes de aerosol de aluminio est\u00e1 creciendo en otros mercados a\u00f1o tras a\u00f1o.<\/strong><\/p>\n<ul>\n<li>Cuidado Personal: Desodorantes, Eau de Toilette, Cuidado Corporal y Capilar\u2026.<\/li>\n<li>Productos de Belleza: Serum, Maquillaje, Crema Hidratantes, Autobronceadores\u2026<\/li>\n<li>Farmac\u00e9uticos: Analg\u00e9sicos, Antis\u00e9pticos, Higiene Nasal y Auditiva, Complejos vitam\u00ednicos, Repelentes de Insectos\u2026<\/li>\n<li>Productos de uso dom\u00e9stico: Desinfectantes, Ambientadores, Aceites esenciales, Productos de limpieza, Limpieza de lentes, Dispositivos Auditivos\u2026<\/li>\n<li>Alimentaci\u00f3n: Aceites vegetales, Cremas, Tortitas, Huevo Batido\u2026<\/li>\n<li>Automoci\u00f3n: Lubricantes, Reparadores de Pinchazos, Cadena L\u00edquida para Neum\u00e1ticos, Cuidado del veh\u00edculo\u2026<\/li>\n<li>Extinci\u00f3n de incendios<\/li>\n<\/ul>\n<p>[\/et_pb_text][\/et_pb_column][et_pb_column type=\u00bb1_3&#8243; _builder_version=\u00bb4.20.4&#8243; _module_preset=\u00bbdefault\u00bb global_colors_info=\u00bb{}\u00bb][et_pb_text _builder_version=\u00bb4.20.4&#8243; _module_preset=\u00bbdefault\u00bb text_font=\u00bb|300|||||||\u00bb text_text_color=\u00bb#25282A\u00bb text_font_size=\u00bb26px\u00bb custom_margin=\u00bb0px||13px||false|false\u00bb global_colors_info=\u00bb{}\u00bb]<\/p>\n<p>PROPIEDADES<\/p>\n<p>[\/et_pb_text][et_pb_divider color=\u00bb#E4F250&#8243; _builder_version=\u00bb4.20.4&#8243; _module_preset=\u00bbdefault\u00bb custom_margin=\u00bb||6px|||\u00bb global_colors_info=\u00bb{}\u00bb][\/et_pb_divider][et_pb_text _builder_version=\u00bb4.20.4&#8243; _module_preset=\u00bbdefault\u00bb global_colors_info=\u00bb{}\u00bb]<\/p>\n<p>Los envases de aerosol de aluminio garantizan un alto est\u00e1ndar de integraci\u00f3n con el producto.<\/p>\n<p>El proceso de fabricaci\u00f3n monoblock proporciona excelentes propiedades de protecci\u00f3n.<\/p>\n<p>Gracias a la excelente calidad del material y a sus propiedades de protecci\u00f3n, los envases de aerosol de aluminio son adecuados para todo tipo de propelentes y formulaciones.<\/p>\n<p>Dependiendo de la formulaci\u00f3n, los envases pueden ser parcialmente barnizados, tener una capa de protecci\u00f3n interna o usarse con el sistema bag-on-valve.<\/p>\n<p>Pueden ser almacenados y transportados en condiciones de completa seguridad garantizando una manipulaci\u00f3n segura a lo largo de toda la cadena de suministro.<\/p>\n<p>[\/et_pb_text][\/et_pb_column][et_pb_column type=\u00bb1_3&#8243; _builder_version=\u00bb4.20.4&#8243; _module_preset=\u00bbdefault\u00bb global_colors_info=\u00bb{}\u00bb][et_pb_text _builder_version=\u00bb4.20.4&#8243; _module_preset=\u00bbdefault\u00bb text_font=\u00bb|300|||||||\u00bb text_text_color=\u00bb#25282A\u00bb text_font_size=\u00bb26px\u00bb custom_margin=\u00bb0px||13px||false|false\u00bb global_colors_info=\u00bb{}\u00bb]<\/p>\n<p>SOSTENIBILIDAD<\/p>\n<p>[\/et_pb_text][et_pb_divider color=\u00bb#E4F250&#8243; _builder_version=\u00bb4.20.4&#8243; _module_preset=\u00bbdefault\u00bb custom_margin=\u00bb||6px|||\u00bb global_colors_info=\u00bb{}\u00bb][\/et_pb_divider][et_pb_text _builder_version=\u00bb4.20.4&#8243; _module_preset=\u00bbdefault\u00bb global_colors_info=\u00bb{}\u00bb]<\/p>\n<p>Ligereza, Robustez e Infinitamente Reciclable.<br \/>El aluminio no es consumido, el aluminio es usado.<\/p>\n<p>Cerca del 75% de la totalidad del aluminio que ha sido alguna vez producido permanece todav\u00eda en el ciclo de vida del material.<\/p>\n<p>El envase de aerosol de aluminio es medioambientalmente respetuoso, la energ\u00eda empleada para producir aluminio secundario es hasta un 95% menor que la empleada para producir aluminio primario, reduciendo as\u00ed su huella de carbono.<\/p>\n<p>El atributo de la ligereza del aluminio es -en relaci\u00f3n al transporte- otro factor clave en la reducci\u00f3n de las emisiones de CO2.<\/p>\n<p>[\/et_pb_text][\/et_pb_column][\/et_pb_row][\/et_pb_section]<\/p>\n","protected":false},"excerpt":{"rendered":"<p>PULGADAThe Most Versatile OpeningAmplio rango de di\u00e1metros, alturas, formas y decoraciones. Desde di\u00e1metro 35 a 66.MERCADOSCerca del 80% de la producci\u00f3n mundial est\u00e1 destinada todav\u00eda al sector cosm\u00e9tico pero debido a su espectacular funcionalidad la participaci\u00f3n de los botes de aerosol de aluminio est\u00e1 creciendo en otros mercados a\u00f1o tras a\u00f1o. Cuidado Personal: Desodorantes, Eau [&hellip;]<\/p>\n","protected":false},"author":1,"featured_media":0,"parent":13,"menu_order":0,"comment_status":"closed","ping_status":"closed","template":"","meta":{"_et_pb_use_builder":"on","_et_pb_old_content":"","_et_gb_content_width":"","footnotes":""},"class_list":["post-154","page","type-page","status-publish","hentry"],"yoast_head":"<!-- This site is optimized with the Yoast SEO plugin v26.7 - https:\/\/yoast.com\/wordpress\/plugins\/seo\/ -->\n<title>PULGADA es - Envases de Aluminio<\/title>\n<meta name=\"robots\" content=\"index, follow, max-snippet:-1, max-image-preview:large, max-video-preview:-1\" \/>\n<link rel=\"canonical\" href=\"https:\/\/envases-group.com\/es\/productos\/pulgada\/\" \/>\n<meta property=\"og:locale\" content=\"es_ES\" \/>\n<meta property=\"og:type\" content=\"article\" \/>\n<meta property=\"og:title\" content=\"PULGADA es - Envases de Aluminio\" \/>\n<meta property=\"og:description\" content=\"PULGADAThe Most Versatile OpeningAmplio rango de di\u00e1metros, alturas, formas y decoraciones. Desde di\u00e1metro 35 a 66.MERCADOSCerca del 80% de la producci\u00f3n mundial est\u00e1 destinada todav\u00eda al sector cosm\u00e9tico pero debido a su espectacular funcionalidad la participaci\u00f3n de los botes de aerosol de aluminio est\u00e1 creciendo en otros mercados a\u00f1o tras a\u00f1o. Cuidado Personal: Desodorantes, Eau [&hellip;]\" \/>\n<meta property=\"og:url\" content=\"https:\/\/envases-group.com\/es\/productos\/pulgada\/\" \/>\n<meta property=\"og:site_name\" content=\"Envases de Aluminio\" \/>\n<meta property=\"article:modified_time\" content=\"2023-10-23T08:27:21+00:00\" \/>\n<meta name=\"twitter:card\" content=\"summary_large_image\" \/>\n<meta name=\"twitter:label1\" content=\"Tiempo de lectura\" \/>\n\t<meta name=\"twitter:data1\" content=\"6 minutos\" \/>\n<script type=\"application\/ld+json\" class=\"yoast-schema-graph\">{\"@context\":\"https:\/\/schema.org\",\"@graph\":[{\"@type\":\"WebPage\",\"@id\":\"https:\/\/envases-group.com\/es\/productos\/pulgada\/\",\"url\":\"https:\/\/envases-group.com\/es\/productos\/pulgada\/\",\"name\":\"PULGADA es - Envases de Aluminio\",\"isPartOf\":{\"@id\":\"https:\/\/envases-group.com\/es\/#website\"},\"datePublished\":\"2023-04-11T08:51:14+00:00\",\"dateModified\":\"2023-10-23T08:27:21+00:00\",\"breadcrumb\":{\"@id\":\"https:\/\/envases-group.com\/es\/productos\/pulgada\/#breadcrumb\"},\"inLanguage\":\"es\",\"potentialAction\":[{\"@type\":\"ReadAction\",\"target\":[\"https:\/\/envases-group.com\/es\/productos\/pulgada\/\"]}]},{\"@type\":\"BreadcrumbList\",\"@id\":\"https:\/\/envases-group.com\/es\/productos\/pulgada\/#breadcrumb\",\"itemListElement\":[{\"@type\":\"ListItem\",\"position\":1,\"name\":\"Portada\",\"item\":\"https:\/\/envases-group.com\/es\/\"},{\"@type\":\"ListItem\",\"position\":2,\"name\":\"Productos\",\"item\":\"https:\/\/envases-group.com\/es\/productos\/\"},{\"@type\":\"ListItem\",\"position\":3,\"name\":\"PULGADA es\"}]},{\"@type\":\"WebSite\",\"@id\":\"https:\/\/envases-group.com\/es\/#website\",\"url\":\"https:\/\/envases-group.com\/es\/\",\"name\":\"Envases Group | Envases de aluminio\",\"description\":\"Envases de Aluminio, 100% Reciclable, siempre Reciclable | ENVASES est\u00e1 siempre focalizado en la mejora de la calidad y la eficiencia. Tanto por la v\u00eda de la inversi\u00f3n en I+D como a trav\u00e9s de la experiencia de nuestro personal\",\"publisher\":{\"@id\":\"https:\/\/envases-group.com\/es\/#organization\"},\"alternateName\":\"Envases de aluminio\",\"potentialAction\":[{\"@type\":\"SearchAction\",\"target\":{\"@type\":\"EntryPoint\",\"urlTemplate\":\"https:\/\/envases-group.com\/es\/?s={search_term_string}\"},\"query-input\":{\"@type\":\"PropertyValueSpecification\",\"valueRequired\":true,\"valueName\":\"search_term_string\"}}],\"inLanguage\":\"es\"},{\"@type\":\"Organization\",\"@id\":\"https:\/\/envases-group.com\/es\/#organization\",\"name\":\"Envases Group | Envases de aluminio\",\"alternateName\":\"Envases de aluminio\",\"url\":\"https:\/\/envases-group.com\/es\/\",\"logo\":{\"@type\":\"ImageObject\",\"inLanguage\":\"es\",\"@id\":\"https:\/\/envases-group.com\/es\/#\/schema\/logo\/image\/\",\"url\":\"https:\/\/envases-group.com\/wp-content\/uploads\/2023\/03\/logro-envases-2.png\",\"contentUrl\":\"https:\/\/envases-group.com\/wp-content\/uploads\/2023\/03\/logro-envases-2.png\",\"width\":174,\"height\":60,\"caption\":\"Envases Group | Envases de aluminio\"},\"image\":{\"@id\":\"https:\/\/envases-group.com\/es\/#\/schema\/logo\/image\/\"},\"sameAs\":[\"https:\/\/www.instagram.com\/envasesgroup\/\",\"https:\/\/www.linkedin.com\/company\/envases-group\/\"]}]}<\/script>\n<!-- \/ Yoast SEO plugin. -->","yoast_head_json":{"title":"PULGADA es - Envases de Aluminio","robots":{"index":"index","follow":"follow","max-snippet":"max-snippet:-1","max-image-preview":"max-image-preview:large","max-video-preview":"max-video-preview:-1"},"canonical":"https:\/\/envases-group.com\/es\/productos\/pulgada\/","og_locale":"es_ES","og_type":"article","og_title":"PULGADA es - Envases de Aluminio","og_description":"PULGADAThe Most Versatile OpeningAmplio rango de di\u00e1metros, alturas, formas y decoraciones. Desde di\u00e1metro 35 a 66.MERCADOSCerca del 80% de la producci\u00f3n mundial est\u00e1 destinada todav\u00eda al sector cosm\u00e9tico pero debido a su espectacular funcionalidad la participaci\u00f3n de los botes de aerosol de aluminio est\u00e1 creciendo en otros mercados a\u00f1o tras a\u00f1o. Cuidado Personal: Desodorantes, Eau [&hellip;]","og_url":"https:\/\/envases-group.com\/es\/productos\/pulgada\/","og_site_name":"Envases de Aluminio","article_modified_time":"2023-10-23T08:27:21+00:00","twitter_card":"summary_large_image","twitter_misc":{"Tiempo de lectura":"6 minutos"},"schema":{"@context":"https:\/\/schema.org","@graph":[{"@type":"WebPage","@id":"https:\/\/envases-group.com\/es\/productos\/pulgada\/","url":"https:\/\/envases-group.com\/es\/productos\/pulgada\/","name":"PULGADA es - Envases de Aluminio","isPartOf":{"@id":"https:\/\/envases-group.com\/es\/#website"},"datePublished":"2023-04-11T08:51:14+00:00","dateModified":"2023-10-23T08:27:21+00:00","breadcrumb":{"@id":"https:\/\/envases-group.com\/es\/productos\/pulgada\/#breadcrumb"},"inLanguage":"es","potentialAction":[{"@type":"ReadAction","target":["https:\/\/envases-group.com\/es\/productos\/pulgada\/"]}]},{"@type":"BreadcrumbList","@id":"https:\/\/envases-group.com\/es\/productos\/pulgada\/#breadcrumb","itemListElement":[{"@type":"ListItem","position":1,"name":"Portada","item":"https:\/\/envases-group.com\/es\/"},{"@type":"ListItem","position":2,"name":"Productos","item":"https:\/\/envases-group.com\/es\/productos\/"},{"@type":"ListItem","position":3,"name":"PULGADA es"}]},{"@type":"WebSite","@id":"https:\/\/envases-group.com\/es\/#website","url":"https:\/\/envases-group.com\/es\/","name":"Envases Group | Envases de aluminio","description":"Envases de Aluminio, 100% Reciclable, siempre Reciclable | ENVASES est\u00e1 siempre focalizado en la mejora de la calidad y la eficiencia. Tanto por la v\u00eda de la inversi\u00f3n en I+D como a trav\u00e9s de la experiencia de nuestro personal","publisher":{"@id":"https:\/\/envases-group.com\/es\/#organization"},"alternateName":"Envases de aluminio","potentialAction":[{"@type":"SearchAction","target":{"@type":"EntryPoint","urlTemplate":"https:\/\/envases-group.com\/es\/?s={search_term_string}"},"query-input":{"@type":"PropertyValueSpecification","valueRequired":true,"valueName":"search_term_string"}}],"inLanguage":"es"},{"@type":"Organization","@id":"https:\/\/envases-group.com\/es\/#organization","name":"Envases Group | Envases de aluminio","alternateName":"Envases de aluminio","url":"https:\/\/envases-group.com\/es\/","logo":{"@type":"ImageObject","inLanguage":"es","@id":"https:\/\/envases-group.com\/es\/#\/schema\/logo\/image\/","url":"https:\/\/envases-group.com\/wp-content\/uploads\/2023\/03\/logro-envases-2.png","contentUrl":"https:\/\/envases-group.com\/wp-content\/uploads\/2023\/03\/logro-envases-2.png","width":174,"height":60,"caption":"Envases Group | Envases de aluminio"},"image":{"@id":"https:\/\/envases-group.com\/es\/#\/schema\/logo\/image\/"},"sameAs":["https:\/\/www.instagram.com\/envasesgroup\/","https:\/\/www.linkedin.com\/company\/envases-group\/"]}]}},"_links":{"self":[{"href":"https:\/\/envases-group.com\/es\/wp-json\/wp\/v2\/pages\/154","targetHints":{"allow":["GET"]}}],"collection":[{"href":"https:\/\/envases-group.com\/es\/wp-json\/wp\/v2\/pages"}],"about":[{"href":"https:\/\/envases-group.com\/es\/wp-json\/wp\/v2\/types\/page"}],"author":[{"embeddable":true,"href":"https:\/\/envases-group.com\/es\/wp-json\/wp\/v2\/users\/1"}],"replies":[{"embeddable":true,"href":"https:\/\/envases-group.com\/es\/wp-json\/wp\/v2\/comments?post=154"}],"version-history":[{"count":8,"href":"https:\/\/envases-group.com\/es\/wp-json\/wp\/v2\/pages\/154\/revisions"}],"predecessor-version":[{"id":1513,"href":"https:\/\/envases-group.com\/es\/wp-json\/wp\/v2\/pages\/154\/revisions\/1513"}],"up":[{"embeddable":true,"href":"https:\/\/envases-group.com\/es\/wp-json\/wp\/v2\/pages\/13"}],"wp:attachment":[{"href":"https:\/\/envases-group.com\/es\/wp-json\/wp\/v2\/media?parent=154"}],"curies":[{"name":"wp","href":"https:\/\/api.w.org\/{rel}","templated":true}]}}