{"id":28,"date":"2023-03-23T12:03:56","date_gmt":"2023-03-23T12:03:56","guid":{"rendered":"https:\/\/envases.comertic.es\/?page_id=28"},"modified":"2024-08-06T11:22:38","modified_gmt":"2024-08-06T11:22:38","slug":"sostenibilidad","status":"publish","type":"page","link":"https:\/\/envases-group.com\/es\/sostenibilidad\/","title":{"rendered":"Sostenibilidad es"},"content":{"rendered":"<p>[et_pb_section fb_built=\u00bb1&#8243; _builder_version=\u00bb4.23&#8243; _module_preset=\u00bbdefault\u00bb custom_padding=\u00bb22px|||||\u00bb animation_style=\u00bbfade\u00bb global_colors_info=\u00bb{}\u00bb][et_pb_row _builder_version=\u00bb4.20.4&#8243; _module_preset=\u00bbdefault\u00bb custom_padding=\u00bb||0px||false|false\u00bb global_colors_info=\u00bb{}\u00bb][et_pb_column type=\u00bb4_4&#8243; _builder_version=\u00bb4.20.4&#8243; _module_preset=\u00bbdefault\u00bb global_colors_info=\u00bb{}\u00bb][et_pb_text _builder_version=\u00bb4.20.4&#8243; _module_preset=\u00bbdefault\u00bb text_font=\u00bb|300|||||||\u00bb text_text_color=\u00bb#25282A\u00bb text_font_size=\u00bb37px\u00bb custom_margin=\u00bb1px||13px||false|false\u00bb global_colors_info=\u00bb{}\u00bb]PIR &#038; PCR ALUMINIUM[\/et_pb_text][et_pb_text _builder_version=\u00bb4.20.4&#8243; _module_preset=\u00bbdefault\u00bb text_font=\u00bb|300|||||||\u00bb text_text_color=\u00bb#25282A\u00bb text_font_size=\u00bb24px\u00bb custom_margin=\u00bb0px||10px||false|false\u00bb global_colors_info=\u00bb{}\u00bb]Recycled aluminium packaging, bottles and cans[\/et_pb_text][et_pb_divider color=\u00bb#E4F250&#8243; _builder_version=\u00bb4.20.4&#8243; _module_preset=\u00bbdefault\u00bb global_colors_info=\u00bb{}\u00bb][\/et_pb_divider][\/et_pb_column][\/et_pb_row][et_pb_row column_structure=\u00bb3_5,2_5&#8243; _builder_version=\u00bb4.20.4&#8243; _module_preset=\u00bbdefault\u00bb global_colors_info=\u00bb{}\u00bb][et_pb_column type=\u00bb3_5&#8243; _builder_version=\u00bb4.20.4&#8243; _module_preset=\u00bbdefault\u00bb global_colors_info=\u00bb{}\u00bb][et_pb_image src=\u00bbhttps:\/\/envases-group.com\/wp-content\/uploads\/2023\/05\/sostenibilidad-2.png\u00bb title_text=\u00bbsostenibilidad-2&#8243; _builder_version=\u00bb4.20.4&#8243; _module_preset=\u00bbdefault\u00bb global_colors_info=\u00bb{}\u00bb][\/et_pb_image][\/et_pb_column][et_pb_column type=\u00bb2_5&#8243; _builder_version=\u00bb4.20.4&#8243; _module_preset=\u00bbdefault\u00bb global_colors_info=\u00bb{}\u00bb][et_pb_text _builder_version=\u00bb4.20.4&#8243; _module_preset=\u00bbdefault\u00bb custom_margin=\u00bb117px||||false|false\u00bb global_colors_info=\u00bb{}\u00bb]<\/p>\n<p>El aluminio es un material permanente que puede ser reciclado infinitas veces manteniendo todas sus propiedades.<\/p>\n<p>Fabricamos en aluminio botellas, aerosoles y otros envases con aluminio certificado 100% Post Industrial Recycled (reciclado de procesos industriales), o 25%, 50% y hasta 100% Post Consumer Recycled (reciclado tras ser usado por el consumidor final).<\/p>\n<p>El reciclaje de aluminio requiere menos del 5% de la energ\u00eda que se utiliza en la fabricaci\u00f3n de aluminio primario.<\/p>\n<p>La alta calidad del aluminio reciclado PCR y PIR permite obtener la misma calidad de acabados y propiedades mec\u00e1nicas que se obtienen con envases de aluminio primario, incluso en aerosoles.<\/p>\n<p>El PIR y PCR en aluminio ofrece la misma barrera de protecci\u00f3n frente a las condiciones ambientales.<\/p>\n<p>[\/et_pb_text][\/et_pb_column][\/et_pb_row][et_pb_row _builder_version=\u00bb4.27.0&#8243; _module_preset=\u00bbdefault\u00bb custom_padding=\u00bb|40px|0px|40px|false|false\u00bb hover_enabled=\u00bb0&#8243; global_colors_info=\u00bb{}\u00bb border_width_all=\u00bb1px\u00bb border_color_all=\u00bb#E4F250&#8243; sticky_enabled=\u00bb0&#8243; custom_margin=\u00bb||||false|false\u00bb][et_pb_column type=\u00bb4_4&#8243; _builder_version=\u00bb4.20.4&#8243; _module_preset=\u00bbdefault\u00bb global_colors_info=\u00bb{}\u00bb][et_pb_text _builder_version=\u00bb4.27.0&#8243; _module_preset=\u00bbdefault\u00bb text_font=\u00bb|300|||||||\u00bb text_text_color=\u00bb#25282A\u00bb text_font_size=\u00bb37px\u00bb custom_margin=\u00bb1px||13px||false|false\u00bb hover_enabled=\u00bb0&#8243; global_colors_info=\u00bb{}\u00bb sticky_enabled=\u00bb0&#8243;]MEMORIA DE SOSTENIBILIDAD[\/et_pb_text][et_pb_text _builder_version=\u00bb4.27.0&#8243; _module_preset=\u00bbdefault\u00bb text_font=\u00bb|300|||||||\u00bb text_text_color=\u00bb#25282A\u00bb text_font_size=\u00bb24px\u00bb custom_margin=\u00bb0px||10px||false|false\u00bb hover_enabled=\u00bb0&#8243; global_colors_info=\u00bb{}\u00bb sticky_enabled=\u00bb0&#8243; text_line_height=\u00bb1.8em\u00bb]<\/p>\n<p>Se dispone de Memoria de Sostenibilidad auditada y verificada por una entidad acreditada. La persona que lo desee la puede solicitar en <strong>rsc@envases.org.<\/strong><\/p>\n<p>[\/et_pb_text][\/et_pb_column][\/et_pb_row][\/et_pb_section][et_pb_section fb_built=\u00bb1&#8243; _builder_version=\u00bb4.20.4&#8243; _module_preset=\u00bbdefault\u00bb background_enable_color=\u00bboff\u00bb background_image=\u00bbhttps:\/\/envases-group.com\/wp-content\/uploads\/2023\/05\/baner-2.png\u00bb parallax=\u00bbon\u00bb custom_padding=\u00bb||5px|||\u00bb global_colors_info=\u00bb{}\u00bb][et_pb_row _builder_version=\u00bb4.20.4&#8243; _module_preset=\u00bbdefault\u00bb global_colors_info=\u00bb{}\u00bb][et_pb_column type=\u00bb4_4&#8243; _builder_version=\u00bb4.20.4&#8243; _module_preset=\u00bbdefault\u00bb global_colors_info=\u00bb{}\u00bb][et_pb_text _builder_version=\u00bb4.20.4&#8243; _module_preset=\u00bbdefault\u00bb text_font=\u00bb|300|||||||\u00bb text_text_color=\u00bb#25282A\u00bb text_font_size=\u00bb40px\u00bb min_height=\u00bb0px\u00bb custom_margin=\u00bb200px||||false|false\u00bb global_colors_info=\u00bb{}\u00bb]<\/p>\n<p style=\"text-align: center;\">100% Reciclable, Siempre Reciclable<\/p>\n<p>[\/et_pb_text][et_pb_text _builder_version=\u00bb4.20.4&#8243; _module_preset=\u00bbdefault\u00bb text_text_color=\u00bb#ffffff\u00bb custom_margin=\u00bb14px||200px||false|false\u00bb custom_padding=\u00bb8px||||false|false\u00bb global_colors_info=\u00bb{}\u00bb]<\/p>\n<p style=\"text-align: center;\"><img loading=\"lazy\" decoding=\"async\" src=\"https:\/\/envases-group.com\/wp-content\/uploads\/2023\/05\/sello-MEdalla-Ecovadis.png\" width=\"180\" height=\"180\" alt=\"\" class=\"wp-image-823 alignnone size-full\" srcset=\"https:\/\/envases-group.com\/wp-content\/uploads\/2023\/05\/sello-MEdalla-Ecovadis.png 180w, https:\/\/envases-group.com\/wp-content\/uploads\/2023\/05\/sello-MEdalla-Ecovadis-150x150.png 150w\" sizes=\"(max-width: 180px) 100vw, 180px\" \/><\/p>\n<p>[\/et_pb_text][\/et_pb_column][\/et_pb_row][\/et_pb_section]<\/p>\n","protected":false},"excerpt":{"rendered":"<p>PIR &#038; PCR ALUMINIUMRecycled aluminium packaging, bottles and cansEl aluminio es un material permanente que puede ser reciclado infinitas veces manteniendo todas sus propiedades. Fabricamos en aluminio botellas, aerosoles y otros envases con aluminio certificado 100% Post Industrial Recycled (reciclado de procesos industriales), o 25%, 50% y hasta 100% Post Consumer Recycled (reciclado tras ser [&hellip;]<\/p>\n","protected":false},"author":1,"featured_media":0,"parent":0,"menu_order":0,"comment_status":"closed","ping_status":"closed","template":"","meta":{"_et_pb_use_builder":"on","_et_pb_old_content":"","_et_gb_content_width":"","footnotes":""},"class_list":["post-28","page","type-page","status-publish","hentry"],"yoast_head":"<!-- This site is optimized with the Yoast SEO plugin v26.7 - https:\/\/yoast.com\/wordpress\/plugins\/seo\/ -->\n<title>Sostenibilidad es - Envases de Aluminio<\/title>\n<meta name=\"robots\" content=\"index, follow, max-snippet:-1, max-image-preview:large, max-video-preview:-1\" \/>\n<link rel=\"canonical\" href=\"https:\/\/envases-group.com\/es\/sostenibilidad\/\" \/>\n<meta property=\"og:locale\" content=\"es_ES\" \/>\n<meta property=\"og:type\" content=\"article\" \/>\n<meta property=\"og:title\" content=\"Sostenibilidad es - Envases de Aluminio\" \/>\n<meta property=\"og:description\" content=\"PIR &amp; PCR ALUMINIUMRecycled aluminium packaging, bottles and cansEl aluminio es un material permanente que puede ser reciclado infinitas veces manteniendo todas sus propiedades. Fabricamos en aluminio botellas, aerosoles y otros envases con aluminio certificado 100% Post Industrial Recycled (reciclado de procesos industriales), o 25%, 50% y hasta 100% Post Consumer Recycled (reciclado tras ser [&hellip;]\" \/>\n<meta property=\"og:url\" content=\"https:\/\/envases-group.com\/es\/sostenibilidad\/\" \/>\n<meta property=\"og:site_name\" content=\"Envases de Aluminio\" \/>\n<meta property=\"article:modified_time\" content=\"2024-08-06T11:22:38+00:00\" \/>\n<meta property=\"og:image\" content=\"https:\/\/envases-group.com\/wp-content\/uploads\/2023\/05\/sello-MEdalla-Ecovadis.png\" \/>\n<meta name=\"twitter:card\" content=\"summary_large_image\" \/>\n<meta name=\"twitter:label1\" content=\"Tiempo de lectura\" \/>\n\t<meta name=\"twitter:data1\" content=\"3 minutos\" \/>\n<script type=\"application\/ld+json\" class=\"yoast-schema-graph\">{\"@context\":\"https:\/\/schema.org\",\"@graph\":[{\"@type\":\"WebPage\",\"@id\":\"https:\/\/envases-group.com\/es\/sostenibilidad\/\",\"url\":\"https:\/\/envases-group.com\/es\/sostenibilidad\/\",\"name\":\"Sostenibilidad es - Envases de Aluminio\",\"isPartOf\":{\"@id\":\"https:\/\/envases-group.com\/es\/#website\"},\"primaryImageOfPage\":{\"@id\":\"https:\/\/envases-group.com\/es\/sostenibilidad\/#primaryimage\"},\"image\":{\"@id\":\"https:\/\/envases-group.com\/es\/sostenibilidad\/#primaryimage\"},\"thumbnailUrl\":\"https:\/\/envases-group.com\/wp-content\/uploads\/2023\/05\/sello-MEdalla-Ecovadis.png\",\"datePublished\":\"2023-03-23T12:03:56+00:00\",\"dateModified\":\"2024-08-06T11:22:38+00:00\",\"breadcrumb\":{\"@id\":\"https:\/\/envases-group.com\/es\/sostenibilidad\/#breadcrumb\"},\"inLanguage\":\"es\",\"potentialAction\":[{\"@type\":\"ReadAction\",\"target\":[\"https:\/\/envases-group.com\/es\/sostenibilidad\/\"]}]},{\"@type\":\"ImageObject\",\"inLanguage\":\"es\",\"@id\":\"https:\/\/envases-group.com\/es\/sostenibilidad\/#primaryimage\",\"url\":\"https:\/\/envases-group.com\/wp-content\/uploads\/2023\/05\/sello-MEdalla-Ecovadis.png\",\"contentUrl\":\"https:\/\/envases-group.com\/wp-content\/uploads\/2023\/05\/sello-MEdalla-Ecovadis.png\"},{\"@type\":\"BreadcrumbList\",\"@id\":\"https:\/\/envases-group.com\/es\/sostenibilidad\/#breadcrumb\",\"itemListElement\":[{\"@type\":\"ListItem\",\"position\":1,\"name\":\"Portada\",\"item\":\"https:\/\/envases-group.com\/es\/\"},{\"@type\":\"ListItem\",\"position\":2,\"name\":\"Sostenibilidad es\"}]},{\"@type\":\"WebSite\",\"@id\":\"https:\/\/envases-group.com\/es\/#website\",\"url\":\"https:\/\/envases-group.com\/es\/\",\"name\":\"Envases Group | Envases de aluminio\",\"description\":\"Envases de Aluminio, 100% Reciclable, siempre Reciclable | ENVASES est\u00e1 siempre focalizado en la mejora de la calidad y la eficiencia. Tanto por la v\u00eda de la inversi\u00f3n en I+D como a trav\u00e9s de la experiencia de nuestro personal\",\"publisher\":{\"@id\":\"https:\/\/envases-group.com\/es\/#organization\"},\"alternateName\":\"Envases de aluminio\",\"potentialAction\":[{\"@type\":\"SearchAction\",\"target\":{\"@type\":\"EntryPoint\",\"urlTemplate\":\"https:\/\/envases-group.com\/es\/?s={search_term_string}\"},\"query-input\":{\"@type\":\"PropertyValueSpecification\",\"valueRequired\":true,\"valueName\":\"search_term_string\"}}],\"inLanguage\":\"es\"},{\"@type\":\"Organization\",\"@id\":\"https:\/\/envases-group.com\/es\/#organization\",\"name\":\"Envases Group | Envases de aluminio\",\"alternateName\":\"Envases de aluminio\",\"url\":\"https:\/\/envases-group.com\/es\/\",\"logo\":{\"@type\":\"ImageObject\",\"inLanguage\":\"es\",\"@id\":\"https:\/\/envases-group.com\/es\/#\/schema\/logo\/image\/\",\"url\":\"https:\/\/envases-group.com\/wp-content\/uploads\/2023\/03\/logro-envases-2.png\",\"contentUrl\":\"https:\/\/envases-group.com\/wp-content\/uploads\/2023\/03\/logro-envases-2.png\",\"width\":174,\"height\":60,\"caption\":\"Envases Group | Envases de aluminio\"},\"image\":{\"@id\":\"https:\/\/envases-group.com\/es\/#\/schema\/logo\/image\/\"},\"sameAs\":[\"https:\/\/www.instagram.com\/envasesgroup\/\",\"https:\/\/www.linkedin.com\/company\/envases-group\/\"]}]}<\/script>\n<!-- \/ Yoast SEO plugin. -->","yoast_head_json":{"title":"Sostenibilidad es - Envases de Aluminio","robots":{"index":"index","follow":"follow","max-snippet":"max-snippet:-1","max-image-preview":"max-image-preview:large","max-video-preview":"max-video-preview:-1"},"canonical":"https:\/\/envases-group.com\/es\/sostenibilidad\/","og_locale":"es_ES","og_type":"article","og_title":"Sostenibilidad es - Envases de Aluminio","og_description":"PIR & PCR ALUMINIUMRecycled aluminium packaging, bottles and cansEl aluminio es un material permanente que puede ser reciclado infinitas veces manteniendo todas sus propiedades. Fabricamos en aluminio botellas, aerosoles y otros envases con aluminio certificado 100% Post Industrial Recycled (reciclado de procesos industriales), o 25%, 50% y hasta 100% Post Consumer Recycled (reciclado tras ser [&hellip;]","og_url":"https:\/\/envases-group.com\/es\/sostenibilidad\/","og_site_name":"Envases de Aluminio","article_modified_time":"2024-08-06T11:22:38+00:00","og_image":[{"url":"https:\/\/envases-group.com\/wp-content\/uploads\/2023\/05\/sello-MEdalla-Ecovadis.png","type":"","width":"","height":""}],"twitter_card":"summary_large_image","twitter_misc":{"Tiempo de lectura":"3 minutos"},"schema":{"@context":"https:\/\/schema.org","@graph":[{"@type":"WebPage","@id":"https:\/\/envases-group.com\/es\/sostenibilidad\/","url":"https:\/\/envases-group.com\/es\/sostenibilidad\/","name":"Sostenibilidad es - Envases de Aluminio","isPartOf":{"@id":"https:\/\/envases-group.com\/es\/#website"},"primaryImageOfPage":{"@id":"https:\/\/envases-group.com\/es\/sostenibilidad\/#primaryimage"},"image":{"@id":"https:\/\/envases-group.com\/es\/sostenibilidad\/#primaryimage"},"thumbnailUrl":"https:\/\/envases-group.com\/wp-content\/uploads\/2023\/05\/sello-MEdalla-Ecovadis.png","datePublished":"2023-03-23T12:03:56+00:00","dateModified":"2024-08-06T11:22:38+00:00","breadcrumb":{"@id":"https:\/\/envases-group.com\/es\/sostenibilidad\/#breadcrumb"},"inLanguage":"es","potentialAction":[{"@type":"ReadAction","target":["https:\/\/envases-group.com\/es\/sostenibilidad\/"]}]},{"@type":"ImageObject","inLanguage":"es","@id":"https:\/\/envases-group.com\/es\/sostenibilidad\/#primaryimage","url":"https:\/\/envases-group.com\/wp-content\/uploads\/2023\/05\/sello-MEdalla-Ecovadis.png","contentUrl":"https:\/\/envases-group.com\/wp-content\/uploads\/2023\/05\/sello-MEdalla-Ecovadis.png"},{"@type":"BreadcrumbList","@id":"https:\/\/envases-group.com\/es\/sostenibilidad\/#breadcrumb","itemListElement":[{"@type":"ListItem","position":1,"name":"Portada","item":"https:\/\/envases-group.com\/es\/"},{"@type":"ListItem","position":2,"name":"Sostenibilidad es"}]},{"@type":"WebSite","@id":"https:\/\/envases-group.com\/es\/#website","url":"https:\/\/envases-group.com\/es\/","name":"Envases Group | Envases de aluminio","description":"Envases de Aluminio, 100% Reciclable, siempre Reciclable | ENVASES est\u00e1 siempre focalizado en la mejora de la calidad y la eficiencia. Tanto por la v\u00eda de la inversi\u00f3n en I+D como a trav\u00e9s de la experiencia de nuestro personal","publisher":{"@id":"https:\/\/envases-group.com\/es\/#organization"},"alternateName":"Envases de aluminio","potentialAction":[{"@type":"SearchAction","target":{"@type":"EntryPoint","urlTemplate":"https:\/\/envases-group.com\/es\/?s={search_term_string}"},"query-input":{"@type":"PropertyValueSpecification","valueRequired":true,"valueName":"search_term_string"}}],"inLanguage":"es"},{"@type":"Organization","@id":"https:\/\/envases-group.com\/es\/#organization","name":"Envases Group | Envases de aluminio","alternateName":"Envases de aluminio","url":"https:\/\/envases-group.com\/es\/","logo":{"@type":"ImageObject","inLanguage":"es","@id":"https:\/\/envases-group.com\/es\/#\/schema\/logo\/image\/","url":"https:\/\/envases-group.com\/wp-content\/uploads\/2023\/03\/logro-envases-2.png","contentUrl":"https:\/\/envases-group.com\/wp-content\/uploads\/2023\/03\/logro-envases-2.png","width":174,"height":60,"caption":"Envases Group | Envases de aluminio"},"image":{"@id":"https:\/\/envases-group.com\/es\/#\/schema\/logo\/image\/"},"sameAs":["https:\/\/www.instagram.com\/envasesgroup\/","https:\/\/www.linkedin.com\/company\/envases-group\/"]}]}},"_links":{"self":[{"href":"https:\/\/envases-group.com\/es\/wp-json\/wp\/v2\/pages\/28","targetHints":{"allow":["GET"]}}],"collection":[{"href":"https:\/\/envases-group.com\/es\/wp-json\/wp\/v2\/pages"}],"about":[{"href":"https:\/\/envases-group.com\/es\/wp-json\/wp\/v2\/types\/page"}],"author":[{"embeddable":true,"href":"https:\/\/envases-group.com\/es\/wp-json\/wp\/v2\/users\/1"}],"replies":[{"embeddable":true,"href":"https:\/\/envases-group.com\/es\/wp-json\/wp\/v2\/comments?post=28"}],"version-history":[{"count":11,"href":"https:\/\/envases-group.com\/es\/wp-json\/wp\/v2\/pages\/28\/revisions"}],"predecessor-version":[{"id":1676,"href":"https:\/\/envases-group.com\/es\/wp-json\/wp\/v2\/pages\/28\/revisions\/1676"}],"wp:attachment":[{"href":"https:\/\/envases-group.com\/es\/wp-json\/wp\/v2\/media?parent=28"}],"curies":[{"name":"wp","href":"https:\/\/api.w.org\/{rel}","templated":true}]}}