{"id":857,"date":"2023-05-04T08:10:59","date_gmt":"2023-05-04T08:10:59","guid":{"rendered":"https:\/\/envases.comertic.es\/?page_id=857"},"modified":"2025-10-14T13:19:05","modified_gmt":"2025-10-14T13:19:05","slug":"intranet","status":"publish","type":"page","link":"https:\/\/envases-group.com\/es\/intranet\/","title":{"rendered":"Intranet es"},"content":{"rendered":"","protected":true},"excerpt":{"rendered":"","protected":true},"author":1,"featured_media":0,"parent":0,"menu_order":0,"comment_status":"closed","ping_status":"closed","template":"","meta":{"_et_pb_use_builder":"","_et_pb_old_content":"","_et_gb_content_width":"","footnotes":""},"class_list":["post-857","page","type-page","status-publish","post-password-required","hentry"],"yoast_head":"<!-- This site is optimized with the Yoast SEO plugin v26.7 - https:\/\/yoast.com\/wordpress\/plugins\/seo\/ -->\n<title>Intranet es - Envases de Aluminio<\/title>\n<meta name=\"robots\" content=\"index, follow, max-snippet:-1, max-image-preview:large, max-video-preview:-1\" \/>\n<link rel=\"canonical\" href=\"https:\/\/envases-group.com\/es\/intranet\/\" \/>\n<meta property=\"og:locale\" content=\"es_ES\" \/>\n<meta property=\"og:type\" content=\"article\" \/>\n<meta property=\"og:title\" content=\"Intranet es - Envases de Aluminio\" \/>\n<meta property=\"og:description\" content=\"No hay extracto porque es una entrada protegida.\" \/>\n<meta property=\"og:url\" content=\"https:\/\/envases-group.com\/es\/intranet\/\" \/>\n<meta property=\"og:site_name\" content=\"Envases de Aluminio\" \/>\n<meta property=\"article:modified_time\" content=\"2025-10-14T13:19:05+00:00\" \/>\n<meta name=\"twitter:card\" content=\"summary_large_image\" \/>\n<meta name=\"twitter:label1\" content=\"Tiempo de lectura\" \/>\n\t<meta name=\"twitter:data1\" content=\"1 minuto\" \/>\n<script type=\"application\/ld+json\" class=\"yoast-schema-graph\">{\"@context\":\"https:\/\/schema.org\",\"@graph\":[{\"@type\":\"WebPage\",\"@id\":\"https:\/\/envases-group.com\/es\/intranet\/\",\"url\":\"https:\/\/envases-group.com\/es\/intranet\/\",\"name\":\"Intranet es - Envases de Aluminio\",\"isPartOf\":{\"@id\":\"https:\/\/envases-group.com\/es\/#website\"},\"datePublished\":\"2023-05-04T08:10:59+00:00\",\"dateModified\":\"2025-10-14T13:19:05+00:00\",\"breadcrumb\":{\"@id\":\"https:\/\/envases-group.com\/es\/intranet\/#breadcrumb\"},\"inLanguage\":\"es\"},{\"@type\":\"WebSite\",\"@id\":\"https:\/\/envases-group.com\/es\/#website\",\"url\":\"https:\/\/envases-group.com\/es\/\",\"name\":\"Envases Group | Envases de aluminio\",\"description\":\"Envases de Aluminio, 100% Reciclable, siempre Reciclable | ENVASES est\u00e1 siempre focalizado en la mejora de la calidad y la eficiencia. Tanto por la v\u00eda de la inversi\u00f3n en I+D como a trav\u00e9s de la experiencia de nuestro personal\",\"publisher\":{\"@id\":\"https:\/\/envases-group.com\/es\/#organization\"},\"alternateName\":\"Envases de aluminio\",\"potentialAction\":[{\"@type\":\"SearchAction\",\"target\":{\"@type\":\"EntryPoint\",\"urlTemplate\":\"https:\/\/envases-group.com\/es\/?s={search_term_string}\"},\"query-input\":{\"@type\":\"PropertyValueSpecification\",\"valueRequired\":true,\"valueName\":\"search_term_string\"}}],\"inLanguage\":\"es\"},{\"@type\":\"Organization\",\"@id\":\"https:\/\/envases-group.com\/es\/#organization\",\"name\":\"Envases Group | Envases de aluminio\",\"alternateName\":\"Envases de aluminio\",\"url\":\"https:\/\/envases-group.com\/es\/\",\"logo\":{\"@type\":\"ImageObject\",\"inLanguage\":\"es\",\"@id\":\"https:\/\/envases-group.com\/es\/#\/schema\/logo\/image\/\",\"url\":\"https:\/\/envases-group.com\/wp-content\/uploads\/2023\/03\/logro-envases-2.png\",\"contentUrl\":\"https:\/\/envases-group.com\/wp-content\/uploads\/2023\/03\/logro-envases-2.png\",\"width\":174,\"height\":60,\"caption\":\"Envases Group | Envases de aluminio\"},\"image\":{\"@id\":\"https:\/\/envases-group.com\/es\/#\/schema\/logo\/image\/\"},\"sameAs\":[\"https:\/\/www.instagram.com\/envasesgroup\/\",\"https:\/\/www.linkedin.com\/company\/envases-group\/\"]}]}<\/script>\n<!-- \/ Yoast SEO plugin. -->","yoast_head_json":{"title":"Intranet es - Envases de Aluminio","robots":{"index":"index","follow":"follow","max-snippet":"max-snippet:-1","max-image-preview":"max-image-preview:large","max-video-preview":"max-video-preview:-1"},"canonical":"https:\/\/envases-group.com\/es\/intranet\/","og_locale":"es_ES","og_type":"article","og_title":"Intranet es - Envases de Aluminio","og_description":"No hay extracto porque es una entrada protegida.","og_url":"https:\/\/envases-group.com\/es\/intranet\/","og_site_name":"Envases de Aluminio","article_modified_time":"2025-10-14T13:19:05+00:00","twitter_card":"summary_large_image","twitter_misc":{"Tiempo de lectura":"1 minuto"},"schema":{"@context":"https:\/\/schema.org","@graph":[{"@type":"WebPage","@id":"https:\/\/envases-group.com\/es\/intranet\/","url":"https:\/\/envases-group.com\/es\/intranet\/","name":"Intranet es - Envases de Aluminio","isPartOf":{"@id":"https:\/\/envases-group.com\/es\/#website"},"datePublished":"2023-05-04T08:10:59+00:00","dateModified":"2025-10-14T13:19:05+00:00","breadcrumb":{"@id":"https:\/\/envases-group.com\/es\/intranet\/#breadcrumb"},"inLanguage":"es"},{"@type":"WebSite","@id":"https:\/\/envases-group.com\/es\/#website","url":"https:\/\/envases-group.com\/es\/","name":"Envases Group | Envases de aluminio","description":"Envases de Aluminio, 100% Reciclable, siempre Reciclable | ENVASES est\u00e1 siempre focalizado en la mejora de la calidad y la eficiencia. Tanto por la v\u00eda de la inversi\u00f3n en I+D como a trav\u00e9s de la experiencia de nuestro personal","publisher":{"@id":"https:\/\/envases-group.com\/es\/#organization"},"alternateName":"Envases de aluminio","potentialAction":[{"@type":"SearchAction","target":{"@type":"EntryPoint","urlTemplate":"https:\/\/envases-group.com\/es\/?s={search_term_string}"},"query-input":{"@type":"PropertyValueSpecification","valueRequired":true,"valueName":"search_term_string"}}],"inLanguage":"es"},{"@type":"Organization","@id":"https:\/\/envases-group.com\/es\/#organization","name":"Envases Group | Envases de aluminio","alternateName":"Envases de aluminio","url":"https:\/\/envases-group.com\/es\/","logo":{"@type":"ImageObject","inLanguage":"es","@id":"https:\/\/envases-group.com\/es\/#\/schema\/logo\/image\/","url":"https:\/\/envases-group.com\/wp-content\/uploads\/2023\/03\/logro-envases-2.png","contentUrl":"https:\/\/envases-group.com\/wp-content\/uploads\/2023\/03\/logro-envases-2.png","width":174,"height":60,"caption":"Envases Group | Envases de aluminio"},"image":{"@id":"https:\/\/envases-group.com\/es\/#\/schema\/logo\/image\/"},"sameAs":["https:\/\/www.instagram.com\/envasesgroup\/","https:\/\/www.linkedin.com\/company\/envases-group\/"]}]}},"_links":{"self":[{"href":"https:\/\/envases-group.com\/es\/wp-json\/wp\/v2\/pages\/857","targetHints":{"allow":["GET"]}}],"collection":[{"href":"https:\/\/envases-group.com\/es\/wp-json\/wp\/v2\/pages"}],"about":[{"href":"https:\/\/envases-group.com\/es\/wp-json\/wp\/v2\/types\/page"}],"author":[{"embeddable":true,"href":"https:\/\/envases-group.com\/es\/wp-json\/wp\/v2\/users\/1"}],"replies":[{"embeddable":true,"href":"https:\/\/envases-group.com\/es\/wp-json\/wp\/v2\/comments?post=857"}],"version-history":[{"count":10,"href":"https:\/\/envases-group.com\/es\/wp-json\/wp\/v2\/pages\/857\/revisions"}],"predecessor-version":[{"id":1374,"href":"https:\/\/envases-group.com\/es\/wp-json\/wp\/v2\/pages\/857\/revisions\/1374"}],"wp:attachment":[{"href":"https:\/\/envases-group.com\/es\/wp-json\/wp\/v2\/media?parent=857"}],"curies":[{"name":"wp","href":"https:\/\/api.w.org\/{rel}","templated":true}]}}