{"id":573,"date":"2023-04-11T08:50:04","date_gmt":"2023-04-11T08:50:04","guid":{"rendered":"https:\/\/envases.comertic.es\/index.php\/fea15\/"},"modified":"2024-05-02T11:18:18","modified_gmt":"2024-05-02T11:18:18","slug":"fea15-fea20","status":"publish","type":"page","link":"https:\/\/envases-group.com\/fr\/fea15-fea20\/","title":{"rendered":"FEA15\/FEA20"},"content":{"rendered":"<p>[et_pb_section fb_built=\u00a0\u00bb1&Prime; _builder_version=\u00a0\u00bb4.23&Prime; _module_preset=\u00a0\u00bbdefault\u00a0\u00bb custom_padding=\u00a0\u00bb22px|||||\u00a0\u00bb hover_enabled=\u00a0\u00bb0&Prime; global_colors_info=\u00a0\u00bb{}\u00a0\u00bb animation_style=\u00a0\u00bbfade\u00a0\u00bb sticky_enabled=\u00a0\u00bb0&Prime;][et_pb_row _builder_version=\u00a0\u00bb4.20.4&Prime; _module_preset=\u00a0\u00bbdefault\u00a0\u00bb custom_padding=\u00a0\u00bb||0px||false|false\u00a0\u00bb global_colors_info=\u00a0\u00bb{}\u00a0\u00bb][et_pb_column type=\u00a0\u00bb4_4&Prime; _builder_version=\u00a0\u00bb4.20.4&Prime; _module_preset=\u00a0\u00bbdefault\u00a0\u00bb global_colors_info=\u00a0\u00bb{}\u00a0\u00bb][et_pb_text _builder_version=\u00a0\u00bb4.20.4&Prime; _module_preset=\u00a0\u00bbdefault\u00a0\u00bb text_font=\u00a0\u00bb|300|||||||\u00a0\u00bb text_text_color=\u00a0\u00bb#25282A\u00a0\u00bb text_font_size=\u00a0\u00bb37px\u00a0\u00bb custom_margin=\u00a0\u00bb1px||13px||false|false\u00a0\u00bb global_colors_info=\u00a0\u00bb{}\u00a0\u00bb]<\/p>\n<p>FEA15\/FEA20<\/p>\n<p>[\/et_pb_text][et_pb_text _builder_version=\u00a0\u00bb4.20.4&Prime; _module_preset=\u00a0\u00bbdefault\u00a0\u00bb text_font=\u00a0\u00bb|300|||||||\u00a0\u00bb text_text_color=\u00a0\u00bb#25282A\u00a0\u00bb text_font_size=\u00a0\u00bb24px\u00a0\u00bb custom_margin=\u00a0\u00bb0px||10px||false|false\u00a0\u00bb global_colors_info=\u00a0\u00bb{}\u00a0\u00bb]Safe Packaging For Your Brands[\/et_pb_text][et_pb_divider color=\u00a0\u00bb#E4F250&Prime; _builder_version=\u00a0\u00bb4.20.4&Prime; _module_preset=\u00a0\u00bbdefault\u00a0\u00bb global_colors_info=\u00a0\u00bb{}\u00a0\u00bb][\/et_pb_divider][\/et_pb_column][\/et_pb_row][et_pb_row column_structure=\u00a0\u00bb3_5,2_5&Prime; _builder_version=\u00a0\u00bb4.20.4&Prime; _module_preset=\u00a0\u00bbdefault\u00a0\u00bb global_colors_info=\u00a0\u00bb{}\u00a0\u00bb][et_pb_column type=\u00a0\u00bb3_5&Prime; _builder_version=\u00a0\u00bb4.20.4&Prime; _module_preset=\u00a0\u00bbdefault\u00a0\u00bb global_colors_info=\u00a0\u00bb{}\u00a0\u00bb][et_pb_image src=\u00a0\u00bbhttps:\/\/envases-group.com\/wp-content\/uploads\/2023\/05\/fea15.jpg\u00a0\u00bb title_text=\u00a0\u00bbfea15&Prime; _builder_version=\u00a0\u00bb4.20.4&Prime; _module_preset=\u00a0\u00bbdefault\u00a0\u00bb global_colors_info=\u00a0\u00bb{}\u00a0\u00bb][\/et_pb_image][\/et_pb_column][et_pb_column type=\u00a0\u00bb2_5&Prime; _builder_version=\u00a0\u00bb4.20.4&Prime; _module_preset=\u00a0\u00bbdefault\u00a0\u00bb global_colors_info=\u00a0\u00bb{}\u00a0\u00bb][et_pb_text _builder_version=\u00a0\u00bb4.20.4&Prime; _module_preset=\u00a0\u00bbdefault\u00a0\u00bb custom_margin=\u00a0\u00bb104px||||false|false\u00a0\u00bb global_colors_info=\u00a0\u00bb{}\u00a0\u00bb]<\/p>\n<p>Le FEA 15\/20 est une ouverture tr\u00e8s utilis\u00e9e dans la parfumerie, qui est d\u00e9sormais disponible en exclusivit\u00e9 sur un flacon aluminium monobloc ENVASES.<\/p>\n<p>Ces flacons permettent un conditionnement simplifi\u00e9, une esth\u00e9tique \u00e9pur\u00e9e, ainsi que d\u2019excellentes propri\u00e9t\u00e9s de protection contre la lumi\u00e8re et l\u2019humidit\u00e9.<\/p>\n<p>[\/et_pb_text][\/et_pb_column][\/et_pb_row][\/et_pb_section][et_pb_section fb_built=\u00a0\u00bb1&Prime; _builder_version=\u00a0\u00bb4.23&Prime; _module_preset=\u00a0\u00bbdefault\u00a0\u00bb background_color=\u00a0\u00bbRGBA(255,255,255,0)\u00a0\u00bb custom_padding=\u00a0\u00bb||5px|||\u00a0\u00bb hover_enabled=\u00a0\u00bb0&Prime; border_width_top=\u00a0\u00bb1px\u00a0\u00bb border_color_top=\u00a0\u00bb#E4F250&Prime; border_width_bottom=\u00a0\u00bb1px\u00a0\u00bb border_color_bottom=\u00a0\u00bb#E4F250&Prime; saved_tabs=\u00a0\u00bball\u00a0\u00bb locked=\u00a0\u00bboff\u00a0\u00bb global_colors_info=\u00a0\u00bb{}\u00a0\u00bb animation_style=\u00a0\u00bbfade\u00a0\u00bb sticky_enabled=\u00a0\u00bb0&Prime;][et_pb_row column_structure=\u00a0\u00bb1_4,1_4,1_4,1_4&Prime; _builder_version=\u00a0\u00bb4.20.4&Prime; _module_preset=\u00a0\u00bbdefault\u00a0\u00bb max_width=\u00a0\u00bb100%\u00a0\u00bb custom_margin=\u00a0\u00bb|auto|61px|auto||\u00a0\u00bb global_colors_info=\u00a0\u00bb{}\u00a0\u00bb][et_pb_column type=\u00a0\u00bb1_4&Prime; _builder_version=\u00a0\u00bb4.20.4&Prime; _module_preset=\u00a0\u00bbdefault\u00a0\u00bb global_colors_info=\u00a0\u00bb{}\u00a0\u00bb][et_pb_image src=\u00a0\u00bbhttps:\/\/envases-group.com\/wp-content\/uploads\/2023\/05\/FEA15_1.png\u00a0\u00bb title_text=\u00a0\u00bbFEA15_1&Prime; align=\u00a0\u00bbcenter\u00a0\u00bb _builder_version=\u00a0\u00bb4.20.4&Prime; _module_preset=\u00a0\u00bbdefault\u00a0\u00bb transform_translate_linked=\u00a0\u00bboff\u00a0\u00bb max_height=\u00a0\u00bb450px\u00a0\u00bb global_colors_info=\u00a0\u00bb{}\u00a0\u00bb][\/et_pb_image][\/et_pb_column][et_pb_column type=\u00a0\u00bb1_4&Prime; _builder_version=\u00a0\u00bb4.20.4&Prime; _module_preset=\u00a0\u00bbdefault\u00a0\u00bb global_colors_info=\u00a0\u00bb{}\u00a0\u00bb][et_pb_image src=\u00a0\u00bbhttps:\/\/envases-group.com\/wp-content\/uploads\/2023\/05\/FEA15_2.png\u00a0\u00bb title_text=\u00a0\u00bbFEA15_2&Prime; align=\u00a0\u00bbcenter\u00a0\u00bb _builder_version=\u00a0\u00bb4.20.4&Prime; _module_preset=\u00a0\u00bbdefault\u00a0\u00bb transform_translate_linked=\u00a0\u00bboff\u00a0\u00bb max_height=\u00a0\u00bb450px\u00a0\u00bb global_colors_info=\u00a0\u00bb{}\u00a0\u00bb][\/et_pb_image][\/et_pb_column][et_pb_column type=\u00a0\u00bb1_4&Prime; _builder_version=\u00a0\u00bb4.20.4&Prime; _module_preset=\u00a0\u00bbdefault\u00a0\u00bb global_colors_info=\u00a0\u00bb{}\u00a0\u00bb][et_pb_image src=\u00a0\u00bbhttps:\/\/envases-group.com\/wp-content\/uploads\/2023\/05\/FEA15_3.png\u00a0\u00bb title_text=\u00a0\u00bbFEA15_3&Prime; align=\u00a0\u00bbcenter\u00a0\u00bb _builder_version=\u00a0\u00bb4.20.4&Prime; _module_preset=\u00a0\u00bbdefault\u00a0\u00bb transform_translate_linked=\u00a0\u00bboff\u00a0\u00bb max_height=\u00a0\u00bb450px\u00a0\u00bb global_colors_info=\u00a0\u00bb{}\u00a0\u00bb][\/et_pb_image][\/et_pb_column][et_pb_column type=\u00a0\u00bb1_4&Prime; _builder_version=\u00a0\u00bb4.20.4&Prime; _module_preset=\u00a0\u00bbdefault\u00a0\u00bb global_colors_info=\u00a0\u00bb{}\u00a0\u00bb][et_pb_image src=\u00a0\u00bbhttps:\/\/envases-group.com\/wp-content\/uploads\/2023\/05\/FEA15_4.png\u00a0\u00bb title_text=\u00a0\u00bbFEA15_4&Prime; align=\u00a0\u00bbcenter\u00a0\u00bb _builder_version=\u00a0\u00bb4.20.4&Prime; _module_preset=\u00a0\u00bbdefault\u00a0\u00bb transform_translate_linked=\u00a0\u00bboff\u00a0\u00bb max_height=\u00a0\u00bb450px\u00a0\u00bb global_colors_info=\u00a0\u00bb{}\u00a0\u00bb][\/et_pb_image][\/et_pb_column][\/et_pb_row][\/et_pb_section][et_pb_section fb_built=\u00a0\u00bb1&Prime; _builder_version=\u00a0\u00bb4.23&Prime; _module_preset=\u00a0\u00bbdefault\u00a0\u00bb background_color=\u00a0\u00bb#f4f4f4&Prime; min_height=\u00a0\u00bb639.8px\u00a0\u00bb custom_padding=\u00a0\u00bb||2px|||\u00a0\u00bb hover_enabled=\u00a0\u00bb0&Prime; global_module=\u00a0\u00bb533&Prime; saved_tabs=\u00a0\u00bball\u00a0\u00bb global_colors_info=\u00a0\u00bb{}\u00a0\u00bb animation_style=\u00a0\u00bbfade\u00a0\u00bb sticky_enabled=\u00a0\u00bb0&Prime;][et_pb_row column_structure=\u00a0\u00bb1_3,1_3,1_3&Prime; use_custom_gutter=\u00a0\u00bbon\u00a0\u00bb gutter_width=\u00a0\u00bb4&Prime; make_equal=\u00a0\u00bbon\u00a0\u00bb _builder_version=\u00a0\u00bb4.20.4&Prime; _module_preset=\u00a0\u00bbdefault\u00a0\u00bb width=\u00a0\u00bb87%\u00a0\u00bb max_width=\u00a0\u00bb100%\u00a0\u00bb min_height=\u00a0\u00bb555.8px\u00a0\u00bb custom_padding=\u00a0\u00bb||17px|||\u00a0\u00bb global_colors_info=\u00a0\u00bb{}\u00a0\u00bb][et_pb_column type=\u00a0\u00bb1_3&Prime; _builder_version=\u00a0\u00bb4.20.4&Prime; _module_preset=\u00a0\u00bbdefault\u00a0\u00bb global_colors_info=\u00a0\u00bb{}\u00a0\u00bb][et_pb_text _builder_version=\u00a0\u00bb4.20.4&Prime; _module_preset=\u00a0\u00bbdefault\u00a0\u00bb text_font=\u00a0\u00bb|300|||||||\u00a0\u00bb text_text_color=\u00a0\u00bb#25282A\u00a0\u00bb text_font_size=\u00a0\u00bb26px\u00a0\u00bb custom_margin=\u00a0\u00bb0px||13px||false|false\u00a0\u00bb global_colors_info=\u00a0\u00bb{}\u00a0\u00bb]<\/p>\n<p>MARCH\u00c9S<\/p>\n<p>[\/et_pb_text][et_pb_divider color=\u00a0\u00bb#E4F250&Prime; _builder_version=\u00a0\u00bb4.20.4&Prime; _module_preset=\u00a0\u00bbdefault\u00a0\u00bb custom_margin=\u00a0\u00bb||6px|||\u00a0\u00bb global_colors_info=\u00a0\u00bb{}\u00a0\u00bb][\/et_pb_divider][et_pb_text _builder_version=\u00a0\u00bb4.20.4&Prime; _module_preset=\u00a0\u00bbdefault\u00a0\u00bb global_colors_info=\u00a0\u00bb{}\u00a0\u00bb]<\/p>\n<p><strong>80% de la production de bo\u00eetiers et flacons aluminium monobloc sont destin\u00e9s aux secteurs de la parfumerie et de la cosm\u00e9tique, mais gr\u00e2ce \u00e0 ses propri\u00e9t\u00e9s uniques l\u2019aluminium progresse significativement, d\u2019ann\u00e9e en ann\u00e9e, sur de nombreux autres secteurs.<\/strong><\/p>\n<ul>\n<li>Hygi\u00e8ne : D\u00e9odorants, Eau de Toilette, Produits capillaires, \u2026<\/li>\n<li>Produits de beaut\u00e9 : s\u00e9rum, maquillage, cr\u00e8mes, autobronzants, \u2026<\/li>\n<li>Produits Pharmaceutiques : Analg\u00e9siques, Spray Nasal, Spray Auditif, complexe vitamin\u00e9, Lotion anti-insectes, \u2026<\/li>\n<li>Produits domestiques : d\u00e9sinfectants, Spray d\u2019ambiance, Spray Assainissant, Produits de nettoyage, entretien lunettes, entretien d\u2019appareils auditifs, \u2026<\/li>\n<li>Alimentation : Huiles v\u00e9g\u00e9tales, Cr\u00e8mes, Blinis, Oeufs battus, \u2026<\/li>\n<li>Automobile : Lubrifiant, R\u00e9pare-pneus, Entretien de la voiture, \u2026<\/li>\n<li>Produits techniques : Extincteurs, gazs de s\u00e9curit\u00e9, peintures, \u2026<\/li>\n<\/ul>\n<p>[\/et_pb_text][\/et_pb_column][et_pb_column type=\u00a0\u00bb1_3&Prime; _builder_version=\u00a0\u00bb4.20.4&Prime; _module_preset=\u00a0\u00bbdefault\u00a0\u00bb global_colors_info=\u00a0\u00bb{}\u00a0\u00bb][et_pb_text _builder_version=\u00a0\u00bb4.20.4&Prime; _module_preset=\u00a0\u00bbdefault\u00a0\u00bb text_font=\u00a0\u00bb|300|||||||\u00a0\u00bb text_text_color=\u00a0\u00bb#25282A\u00a0\u00bb text_font_size=\u00a0\u00bb26px\u00a0\u00bb custom_margin=\u00a0\u00bb0px||13px||false|false\u00a0\u00bb global_colors_info=\u00a0\u00bb{}\u00a0\u00bb]PROPRIET\u00c9S[\/et_pb_text][et_pb_divider color=\u00a0\u00bb#E4F250&Prime; _builder_version=\u00a0\u00bb4.20.4&Prime; _module_preset=\u00a0\u00bbdefault\u00a0\u00bb custom_margin=\u00a0\u00bb||6px|||\u00a0\u00bb global_colors_info=\u00a0\u00bb{}\u00a0\u00bb][\/et_pb_divider][et_pb_text _builder_version=\u00a0\u00bb4.20.4&Prime; _module_preset=\u00a0\u00bbdefault\u00a0\u00bb global_colors_info=\u00a0\u00bb{}\u00a0\u00bb]Gr\u00e2ce \u00e0 la qualit\u00e9 du mat\u00e9riau utilis\u00e9 et \u00e0 ses propri\u00e9t\u00e9s isolantes, le bo\u00eetier monobloc en aluminium offre la meilleure solution d\u2019emballage pour tous les types de contenus n\u00e9cessitant des gaz propulseurs, ainsi que d\u2019excellentes propri\u00e9t\u00e9s de vieillissement et de protection des formules.<\/p>\n<p>Il peut \u00eatre rev\u00eatu de diff\u00e9rents vernis int\u00e9rieurs disponibles (dont certains sans BPA), ou conditionn\u00e9 avec une valve \u00e0 poche.<\/p>\n<p>Le bo\u00eetier monobloc en aluminium peut \u00eatre stock\u00e9 et transport\u00e9 en totale s\u00e9curit\u00e9, garantissant ainsi des transferts facilit\u00e9s durant tous les phases de la supply chain.[\/et_pb_text][\/et_pb_column][et_pb_column type=\u00a0\u00bb1_3&Prime; _builder_version=\u00a0\u00bb4.20.4&Prime; _module_preset=\u00a0\u00bbdefault\u00a0\u00bb global_colors_info=\u00a0\u00bb{}\u00a0\u00bb][et_pb_text _builder_version=\u00a0\u00bb4.20.4&Prime; _module_preset=\u00a0\u00bbdefault\u00a0\u00bb text_font=\u00a0\u00bb|300|||||||\u00a0\u00bb text_text_color=\u00a0\u00bb#25282A\u00a0\u00bb text_font_size=\u00a0\u00bb26px\u00a0\u00bb custom_margin=\u00a0\u00bb0px||13px||false|false\u00a0\u00bb global_colors_info=\u00a0\u00bb{}\u00a0\u00bb]DURABILIT\u00c9[\/et_pb_text][et_pb_divider color=\u00a0\u00bb#E4F250&Prime; _builder_version=\u00a0\u00bb4.20.4&Prime; _module_preset=\u00a0\u00bbdefault\u00a0\u00bb custom_margin=\u00a0\u00bb||6px|||\u00a0\u00bb global_colors_info=\u00a0\u00bb{}\u00a0\u00bb][\/et_pb_divider][et_pb_text _builder_version=\u00a0\u00bb4.20.4&Prime; _module_preset=\u00a0\u00bbdefault\u00a0\u00bb global_colors_info=\u00a0\u00bb{}\u00a0\u00bb]<\/p>\n<p>L\u2019aluminium est recyclable \u00e0 l\u2019infini : plus de 75% de l\u2019aluminium extrait historiquement est encore utilis\u00e9 aujourd\u2019hui, sous forme recycl\u00e9e.<\/p>\n<p>L\u2019aluminium est respectueux de l\u2019environnement : l\u2019\u00e9nergie n\u00e9cessaire \u00e0 son recyclage est 95% inf\u00e9rieure \u00e0 celle initialement utilis\u00e9e pour son extraction, r\u00e9duisant d\u2019autant son empreinte carbone.<\/p>\n<p>La l\u00e9g\u00e8ret\u00e9 de l\u2019aluminium contribue \u00e0 le classer dans les mat\u00e9riaux les plus respectueux de l\u2019environnement lorsqu\u2019on \u00e9value l\u2019impact CO2 g\u00e9n\u00e9r\u00e9 par son transport.<\/p>\n<p>[\/et_pb_text][\/et_pb_column][\/et_pb_row][\/et_pb_section]<\/p>\n","protected":false},"excerpt":{"rendered":"<p>FEA15\/FEA20Safe Packaging For Your BrandsLe FEA 15\/20 est une ouverture tr\u00e8s utilis\u00e9e dans la parfumerie, qui est d\u00e9sormais disponible en exclusivit\u00e9 sur un flacon aluminium monobloc ENVASES. Ces flacons permettent un conditionnement simplifi\u00e9, une esth\u00e9tique \u00e9pur\u00e9e, ainsi que d\u2019excellentes propri\u00e9t\u00e9s de protection contre la lumi\u00e8re et l\u2019humidit\u00e9.MARCH\u00c9S80% de la production de bo\u00eetiers et flacons aluminium [&hellip;]<\/p>\n","protected":false},"author":1,"featured_media":0,"parent":0,"menu_order":0,"comment_status":"closed","ping_status":"closed","template":"","meta":{"_et_pb_use_builder":"on","_et_pb_old_content":"","_et_gb_content_width":"","footnotes":""},"class_list":["post-573","page","type-page","status-publish","hentry"],"yoast_head":"<!-- This site is optimized with the Yoast SEO plugin v26.7 - https:\/\/yoast.com\/wordpress\/plugins\/seo\/ -->\n<title>FEA15\/FEA20 - Envases-Group<\/title>\n<meta name=\"robots\" content=\"index, follow, max-snippet:-1, max-image-preview:large, max-video-preview:-1\" \/>\n<link rel=\"canonical\" href=\"https:\/\/envases-group.com\/fr\/fea15-fea20\/\" \/>\n<meta property=\"og:locale\" content=\"fr_FR\" \/>\n<meta property=\"og:type\" content=\"article\" \/>\n<meta property=\"og:title\" content=\"FEA15\/FEA20 - Envases-Group\" \/>\n<meta property=\"og:description\" content=\"FEA15\/FEA20Safe Packaging For Your BrandsLe FEA 15\/20 est une ouverture tr\u00e8s utilis\u00e9e dans la parfumerie, qui est d\u00e9sormais disponible en exclusivit\u00e9 sur un flacon aluminium monobloc ENVASES. Ces flacons permettent un conditionnement simplifi\u00e9, une esth\u00e9tique \u00e9pur\u00e9e, ainsi que d\u2019excellentes propri\u00e9t\u00e9s de protection contre la lumi\u00e8re et l\u2019humidit\u00e9.MARCH\u00c9S80% de la production de bo\u00eetiers et flacons aluminium [&hellip;]\" \/>\n<meta property=\"og:url\" content=\"https:\/\/envases-group.com\/fr\/fea15-fea20\/\" \/>\n<meta property=\"og:site_name\" content=\"Envases-Group\" \/>\n<meta property=\"article:modified_time\" content=\"2024-05-02T11:18:18+00:00\" \/>\n<meta name=\"twitter:card\" content=\"summary_large_image\" \/>\n<meta name=\"twitter:label1\" content=\"Dur\u00e9e de lecture estim\u00e9e\" \/>\n\t<meta name=\"twitter:data1\" content=\"6 minutes\" \/>\n<script type=\"application\/ld+json\" class=\"yoast-schema-graph\">{\"@context\":\"https:\/\/schema.org\",\"@graph\":[{\"@type\":\"WebPage\",\"@id\":\"https:\/\/envases-group.com\/fr\/fea15-fea20\/\",\"url\":\"https:\/\/envases-group.com\/fr\/fea15-fea20\/\",\"name\":\"FEA15\/FEA20 - Envases-Group\",\"isPartOf\":{\"@id\":\"https:\/\/envases-group.com\/fr\/#website\"},\"datePublished\":\"2023-04-11T08:50:04+00:00\",\"dateModified\":\"2024-05-02T11:18:18+00:00\",\"breadcrumb\":{\"@id\":\"https:\/\/envases-group.com\/fr\/fea15-fea20\/#breadcrumb\"},\"inLanguage\":\"fr-FR\",\"potentialAction\":[{\"@type\":\"ReadAction\",\"target\":[\"https:\/\/envases-group.com\/fr\/fea15-fea20\/\"]}]},{\"@type\":\"BreadcrumbList\",\"@id\":\"https:\/\/envases-group.com\/fr\/fea15-fea20\/#breadcrumb\",\"itemListElement\":[{\"@type\":\"ListItem\",\"position\":1,\"name\":\"Portada\",\"item\":\"https:\/\/envases-group.com\/fr\/\"},{\"@type\":\"ListItem\",\"position\":2,\"name\":\"FEA15\/FEA20\"}]},{\"@type\":\"WebSite\",\"@id\":\"https:\/\/envases-group.com\/fr\/#website\",\"url\":\"https:\/\/envases-group.com\/fr\/\",\"name\":\"Envases Group | Envases de aluminio\",\"description\":\"Envases de Aluminio, 100% Reciclable, siempre Reciclable | ENVASES est\u00e1 siempre focalizado en la mejora de la calidad y la eficiencia. Tanto por la v\u00eda de la inversi\u00f3n en I+D como a trav\u00e9s de la experiencia de nuestro personal\",\"publisher\":{\"@id\":\"https:\/\/envases-group.com\/fr\/#organization\"},\"alternateName\":\"Envases de aluminio\",\"potentialAction\":[{\"@type\":\"SearchAction\",\"target\":{\"@type\":\"EntryPoint\",\"urlTemplate\":\"https:\/\/envases-group.com\/fr\/?s={search_term_string}\"},\"query-input\":{\"@type\":\"PropertyValueSpecification\",\"valueRequired\":true,\"valueName\":\"search_term_string\"}}],\"inLanguage\":\"fr-FR\"},{\"@type\":\"Organization\",\"@id\":\"https:\/\/envases-group.com\/fr\/#organization\",\"name\":\"Envases Group | Envases de aluminio\",\"alternateName\":\"Envases de aluminio\",\"url\":\"https:\/\/envases-group.com\/fr\/\",\"logo\":{\"@type\":\"ImageObject\",\"inLanguage\":\"fr-FR\",\"@id\":\"https:\/\/envases-group.com\/fr\/#\/schema\/logo\/image\/\",\"url\":\"https:\/\/envases-group.com\/wp-content\/uploads\/2023\/03\/logro-envases-2.png\",\"contentUrl\":\"https:\/\/envases-group.com\/wp-content\/uploads\/2023\/03\/logro-envases-2.png\",\"width\":174,\"height\":60,\"caption\":\"Envases Group | Envases de aluminio\"},\"image\":{\"@id\":\"https:\/\/envases-group.com\/fr\/#\/schema\/logo\/image\/\"},\"sameAs\":[\"https:\/\/www.instagram.com\/envasesgroup\/\",\"https:\/\/www.linkedin.com\/company\/envases-group\/\"]}]}<\/script>\n<!-- \/ Yoast SEO plugin. -->","yoast_head_json":{"title":"FEA15\/FEA20 - Envases-Group","robots":{"index":"index","follow":"follow","max-snippet":"max-snippet:-1","max-image-preview":"max-image-preview:large","max-video-preview":"max-video-preview:-1"},"canonical":"https:\/\/envases-group.com\/fr\/fea15-fea20\/","og_locale":"fr_FR","og_type":"article","og_title":"FEA15\/FEA20 - Envases-Group","og_description":"FEA15\/FEA20Safe Packaging For Your BrandsLe FEA 15\/20 est une ouverture tr\u00e8s utilis\u00e9e dans la parfumerie, qui est d\u00e9sormais disponible en exclusivit\u00e9 sur un flacon aluminium monobloc ENVASES. Ces flacons permettent un conditionnement simplifi\u00e9, une esth\u00e9tique \u00e9pur\u00e9e, ainsi que d\u2019excellentes propri\u00e9t\u00e9s de protection contre la lumi\u00e8re et l\u2019humidit\u00e9.MARCH\u00c9S80% de la production de bo\u00eetiers et flacons aluminium [&hellip;]","og_url":"https:\/\/envases-group.com\/fr\/fea15-fea20\/","og_site_name":"Envases-Group","article_modified_time":"2024-05-02T11:18:18+00:00","twitter_card":"summary_large_image","twitter_misc":{"Dur\u00e9e de lecture estim\u00e9e":"6 minutes"},"schema":{"@context":"https:\/\/schema.org","@graph":[{"@type":"WebPage","@id":"https:\/\/envases-group.com\/fr\/fea15-fea20\/","url":"https:\/\/envases-group.com\/fr\/fea15-fea20\/","name":"FEA15\/FEA20 - Envases-Group","isPartOf":{"@id":"https:\/\/envases-group.com\/fr\/#website"},"datePublished":"2023-04-11T08:50:04+00:00","dateModified":"2024-05-02T11:18:18+00:00","breadcrumb":{"@id":"https:\/\/envases-group.com\/fr\/fea15-fea20\/#breadcrumb"},"inLanguage":"fr-FR","potentialAction":[{"@type":"ReadAction","target":["https:\/\/envases-group.com\/fr\/fea15-fea20\/"]}]},{"@type":"BreadcrumbList","@id":"https:\/\/envases-group.com\/fr\/fea15-fea20\/#breadcrumb","itemListElement":[{"@type":"ListItem","position":1,"name":"Portada","item":"https:\/\/envases-group.com\/fr\/"},{"@type":"ListItem","position":2,"name":"FEA15\/FEA20"}]},{"@type":"WebSite","@id":"https:\/\/envases-group.com\/fr\/#website","url":"https:\/\/envases-group.com\/fr\/","name":"Envases Group | Envases de aluminio","description":"Envases de Aluminio, 100% Reciclable, siempre Reciclable | ENVASES est\u00e1 siempre focalizado en la mejora de la calidad y la eficiencia. Tanto por la v\u00eda de la inversi\u00f3n en I+D como a trav\u00e9s de la experiencia de nuestro personal","publisher":{"@id":"https:\/\/envases-group.com\/fr\/#organization"},"alternateName":"Envases de aluminio","potentialAction":[{"@type":"SearchAction","target":{"@type":"EntryPoint","urlTemplate":"https:\/\/envases-group.com\/fr\/?s={search_term_string}"},"query-input":{"@type":"PropertyValueSpecification","valueRequired":true,"valueName":"search_term_string"}}],"inLanguage":"fr-FR"},{"@type":"Organization","@id":"https:\/\/envases-group.com\/fr\/#organization","name":"Envases Group | Envases de aluminio","alternateName":"Envases de aluminio","url":"https:\/\/envases-group.com\/fr\/","logo":{"@type":"ImageObject","inLanguage":"fr-FR","@id":"https:\/\/envases-group.com\/fr\/#\/schema\/logo\/image\/","url":"https:\/\/envases-group.com\/wp-content\/uploads\/2023\/03\/logro-envases-2.png","contentUrl":"https:\/\/envases-group.com\/wp-content\/uploads\/2023\/03\/logro-envases-2.png","width":174,"height":60,"caption":"Envases Group | Envases de aluminio"},"image":{"@id":"https:\/\/envases-group.com\/fr\/#\/schema\/logo\/image\/"},"sameAs":["https:\/\/www.instagram.com\/envasesgroup\/","https:\/\/www.linkedin.com\/company\/envases-group\/"]}]}},"_links":{"self":[{"href":"https:\/\/envases-group.com\/fr\/wp-json\/wp\/v2\/pages\/573","targetHints":{"allow":["GET"]}}],"collection":[{"href":"https:\/\/envases-group.com\/fr\/wp-json\/wp\/v2\/pages"}],"about":[{"href":"https:\/\/envases-group.com\/fr\/wp-json\/wp\/v2\/types\/page"}],"author":[{"embeddable":true,"href":"https:\/\/envases-group.com\/fr\/wp-json\/wp\/v2\/users\/1"}],"replies":[{"embeddable":true,"href":"https:\/\/envases-group.com\/fr\/wp-json\/wp\/v2\/comments?post=573"}],"version-history":[{"count":8,"href":"https:\/\/envases-group.com\/fr\/wp-json\/wp\/v2\/pages\/573\/revisions"}],"predecessor-version":[{"id":1534,"href":"https:\/\/envases-group.com\/fr\/wp-json\/wp\/v2\/pages\/573\/revisions\/1534"}],"wp:attachment":[{"href":"https:\/\/envases-group.com\/fr\/wp-json\/wp\/v2\/media?parent=573"}],"curies":[{"name":"wp","href":"https:\/\/api.w.org\/{rel}","templated":true}]}}