{"id":678,"date":"2023-03-23T12:03:56","date_gmt":"2023-03-23T12:03:56","guid":{"rendered":"https:\/\/envases.comertic.es\/index.php\/sostenibilidad\/"},"modified":"2024-05-02T11:18:00","modified_gmt":"2024-05-02T11:18:00","slug":"ecoresponsabilite","status":"publish","type":"page","link":"https:\/\/envases-group.com\/fr\/ecoresponsabilite\/","title":{"rendered":"\u00c9coresponsabilit\u00e9"},"content":{"rendered":"<p>[et_pb_section fb_built=\u00a0\u00bb1&Prime; _builder_version=\u00a0\u00bb4.23&Prime; _module_preset=\u00a0\u00bbdefault\u00a0\u00bb custom_padding=\u00a0\u00bb22px|||||\u00a0\u00bb hover_enabled=\u00a0\u00bb0&Prime; global_colors_info=\u00a0\u00bb{}\u00a0\u00bb animation_style=\u00a0\u00bbfade\u00a0\u00bb sticky_enabled=\u00a0\u00bb0&Prime;][et_pb_row _builder_version=\u00a0\u00bb4.20.4&Prime; _module_preset=\u00a0\u00bbdefault\u00a0\u00bb custom_padding=\u00a0\u00bb||0px||false|false\u00a0\u00bb global_colors_info=\u00a0\u00bb{}\u00a0\u00bb][et_pb_column type=\u00a0\u00bb4_4&Prime; _builder_version=\u00a0\u00bb4.20.4&Prime; _module_preset=\u00a0\u00bbdefault\u00a0\u00bb global_colors_info=\u00a0\u00bb{}\u00a0\u00bb][et_pb_text _builder_version=\u00a0\u00bb4.20.4&Prime; _module_preset=\u00a0\u00bbdefault\u00a0\u00bb text_font=\u00a0\u00bb|300|||||||\u00a0\u00bb text_text_color=\u00a0\u00bb#25282A\u00a0\u00bb text_font_size=\u00a0\u00bb37px\u00a0\u00bb custom_margin=\u00a0\u00bb1px||13px||false|false\u00a0\u00bb global_colors_info=\u00a0\u00bb{}\u00a0\u00bb]PIR &#038; PCR ALUMINIUM[\/et_pb_text][et_pb_text _builder_version=\u00a0\u00bb4.20.4&Prime; _module_preset=\u00a0\u00bbdefault\u00a0\u00bb text_font=\u00a0\u00bb|300|||||||\u00a0\u00bb text_text_color=\u00a0\u00bb#25282A\u00a0\u00bb text_font_size=\u00a0\u00bb24px\u00a0\u00bb custom_margin=\u00a0\u00bb0px||10px||false|false\u00a0\u00bb global_colors_info=\u00a0\u00bb{}\u00a0\u00bb]Recycled aluminium packaging, bottles and cans[\/et_pb_text][et_pb_divider color=\u00a0\u00bb#E4F250&Prime; _builder_version=\u00a0\u00bb4.20.4&Prime; _module_preset=\u00a0\u00bbdefault\u00a0\u00bb global_colors_info=\u00a0\u00bb{}\u00a0\u00bb][\/et_pb_divider][\/et_pb_column][\/et_pb_row][et_pb_row column_structure=\u00a0\u00bb3_5,2_5&Prime; _builder_version=\u00a0\u00bb4.20.4&Prime; _module_preset=\u00a0\u00bbdefault\u00a0\u00bb global_colors_info=\u00a0\u00bb{}\u00a0\u00bb][et_pb_column type=\u00a0\u00bb3_5&Prime; _builder_version=\u00a0\u00bb4.20.4&Prime; _module_preset=\u00a0\u00bbdefault\u00a0\u00bb global_colors_info=\u00a0\u00bb{}\u00a0\u00bb][et_pb_image src=\u00a0\u00bbhttps:\/\/envases-group.com\/wp-content\/uploads\/2023\/04\/combo-low.jpg\u00a0\u00bb title_text=\u00a0\u00bbcombo-low\u00a0\u00bb _builder_version=\u00a0\u00bb4.20.4&Prime; _module_preset=\u00a0\u00bbdefault\u00a0\u00bb global_colors_info=\u00a0\u00bb{}\u00a0\u00bb][\/et_pb_image][\/et_pb_column][et_pb_column type=\u00a0\u00bb2_5&Prime; _builder_version=\u00a0\u00bb4.20.4&Prime; _module_preset=\u00a0\u00bbdefault\u00a0\u00bb global_colors_info=\u00a0\u00bb{}\u00a0\u00bb][et_pb_text _builder_version=\u00a0\u00bb4.20.4&Prime; _module_preset=\u00a0\u00bbdefault\u00a0\u00bb custom_margin=\u00a0\u00bb50px||||false|false\u00a0\u00bb global_colors_info=\u00a0\u00bb{}\u00a0\u00bb]<\/p>\n<p>L\u2019Aluminium est un mat\u00e9riau permanent qui peut \u00eatre recycl\u00e9 \u00e0 l\u2019infini en conservant toutes ses propri\u00e9t\u00e9s.<\/p>\n<p>Nous fabriquons des flacons, des bo\u00eetiers a\u00e9rosols, des bouteilles et d\u2019autres contenants avec un aluminium certifi\u00e9 100% Post Industrial Recycled (recycl\u00e9 du processus industriel), ou 25%, 50%, et jusqu\u2019\u00e0 100% Post Consumer Recycled (recycl\u00e9 apr\u00e8s utilisation par le consommateur final).<\/p>\n<p>Le recyclage de l\u2019aluminium sollicite moins de 5% de l\u2019\u00e9nergie n\u00e9cessaire \u00e0 sa fabrication initiale.<br \/>Gr\u00e2ce \u00e0 sa haute qualit\u00e9, l\u2019aluminium recycl\u00e9 permet d\u2019offrir la m\u00eame qualit\u00e9 de finitions, de propri\u00e9t\u00e9s m\u00e9caniques qui est habituellement obtenue avec de l\u2019aluminium primaire, m\u00eame pour les a\u00e9rosols.<\/p>\n<p>Le PIR et le PCR offrent \u00e9galement une barri\u00e8re de protection identique \u00e0 l\u2019aluminium primaire.<\/p>\n<p>[\/et_pb_text][\/et_pb_column][\/et_pb_row][\/et_pb_section][et_pb_section fb_built=\u00a0\u00bb1&Prime; _builder_version=\u00a0\u00bb4.23&Prime; _module_preset=\u00a0\u00bbdefault\u00a0\u00bb background_enable_color=\u00a0\u00bboff\u00a0\u00bb background_image=\u00a0\u00bbhttps:\/\/envases-group.com\/wp-content\/uploads\/2023\/04\/naturaleza.jpg\u00a0\u00bb custom_padding=\u00a0\u00bb||5px|||\u00a0\u00bb hover_enabled=\u00a0\u00bb0&Prime; global_colors_info=\u00a0\u00bb{}\u00a0\u00bb animation_style=\u00a0\u00bbfade\u00a0\u00bb sticky_enabled=\u00a0\u00bb0&Prime;][et_pb_row _builder_version=\u00a0\u00bb4.20.4&Prime; _module_preset=\u00a0\u00bbdefault\u00a0\u00bb global_colors_info=\u00a0\u00bb{}\u00a0\u00bb][et_pb_column type=\u00a0\u00bb4_4&Prime; _builder_version=\u00a0\u00bb4.20.4&Prime; _module_preset=\u00a0\u00bbdefault\u00a0\u00bb global_colors_info=\u00a0\u00bb{}\u00a0\u00bb][et_pb_text _builder_version=\u00a0\u00bb4.21.0&Prime; _module_preset=\u00a0\u00bbdefault\u00a0\u00bb text_text_color=\u00a0\u00bb#ffffff\u00a0\u00bb custom_margin=\u00a0\u00bb200px||||false|false\u00a0\u00bb custom_padding=\u00a0\u00bb200px||||false|false\u00a0\u00bb global_colors_info=\u00a0\u00bb{}\u00a0\u00bb][\/et_pb_text][\/et_pb_column][\/et_pb_row][\/et_pb_section]<\/p>\n","protected":false},"excerpt":{"rendered":"<p>PIR &#038; PCR ALUMINIUMRecycled aluminium packaging, bottles and cansL\u2019Aluminium est un mat\u00e9riau permanent qui peut \u00eatre recycl\u00e9 \u00e0 l\u2019infini en conservant toutes ses propri\u00e9t\u00e9s. Nous fabriquons des flacons, des bo\u00eetiers a\u00e9rosols, des bouteilles et d\u2019autres contenants avec un aluminium certifi\u00e9 100% Post Industrial Recycled (recycl\u00e9 du processus industriel), ou 25%, 50%, et jusqu\u2019\u00e0 100% Post [&hellip;]<\/p>\n","protected":false},"author":1,"featured_media":0,"parent":0,"menu_order":0,"comment_status":"closed","ping_status":"closed","template":"","meta":{"_et_pb_use_builder":"on","_et_pb_old_content":"","_et_gb_content_width":"","footnotes":""},"class_list":["post-678","page","type-page","status-publish","hentry"],"yoast_head":"<!-- This site is optimized with the Yoast SEO plugin v26.7 - https:\/\/yoast.com\/wordpress\/plugins\/seo\/ -->\n<title>\u00c9coresponsabilit\u00e9 - Envases-Group<\/title>\n<meta name=\"robots\" content=\"index, follow, max-snippet:-1, max-image-preview:large, max-video-preview:-1\" \/>\n<link rel=\"canonical\" href=\"https:\/\/envases-group.com\/fr\/ecoresponsabilite\/\" \/>\n<meta property=\"og:locale\" content=\"fr_FR\" \/>\n<meta property=\"og:type\" content=\"article\" \/>\n<meta property=\"og:title\" content=\"\u00c9coresponsabilit\u00e9 - Envases-Group\" \/>\n<meta property=\"og:description\" content=\"PIR &amp; PCR ALUMINIUMRecycled aluminium packaging, bottles and cansL\u2019Aluminium est un mat\u00e9riau permanent qui peut \u00eatre recycl\u00e9 \u00e0 l\u2019infini en conservant toutes ses propri\u00e9t\u00e9s. Nous fabriquons des flacons, des bo\u00eetiers a\u00e9rosols, des bouteilles et d\u2019autres contenants avec un aluminium certifi\u00e9 100% Post Industrial Recycled (recycl\u00e9 du processus industriel), ou 25%, 50%, et jusqu\u2019\u00e0 100% Post [&hellip;]\" \/>\n<meta property=\"og:url\" content=\"https:\/\/envases-group.com\/fr\/ecoresponsabilite\/\" \/>\n<meta property=\"og:site_name\" content=\"Envases-Group\" \/>\n<meta property=\"article:modified_time\" content=\"2024-05-02T11:18:00+00:00\" \/>\n<meta name=\"twitter:card\" content=\"summary_large_image\" \/>\n<meta name=\"twitter:label1\" content=\"Dur\u00e9e de lecture estim\u00e9e\" \/>\n\t<meta name=\"twitter:data1\" content=\"2 minutes\" \/>\n<script type=\"application\/ld+json\" class=\"yoast-schema-graph\">{\"@context\":\"https:\/\/schema.org\",\"@graph\":[{\"@type\":\"WebPage\",\"@id\":\"https:\/\/envases-group.com\/fr\/ecoresponsabilite\/\",\"url\":\"https:\/\/envases-group.com\/fr\/ecoresponsabilite\/\",\"name\":\"\u00c9coresponsabilit\u00e9 - Envases-Group\",\"isPartOf\":{\"@id\":\"https:\/\/envases-group.com\/fr\/#website\"},\"datePublished\":\"2023-03-23T12:03:56+00:00\",\"dateModified\":\"2024-05-02T11:18:00+00:00\",\"breadcrumb\":{\"@id\":\"https:\/\/envases-group.com\/fr\/ecoresponsabilite\/#breadcrumb\"},\"inLanguage\":\"fr-FR\",\"potentialAction\":[{\"@type\":\"ReadAction\",\"target\":[\"https:\/\/envases-group.com\/fr\/ecoresponsabilite\/\"]}]},{\"@type\":\"BreadcrumbList\",\"@id\":\"https:\/\/envases-group.com\/fr\/ecoresponsabilite\/#breadcrumb\",\"itemListElement\":[{\"@type\":\"ListItem\",\"position\":1,\"name\":\"Portada\",\"item\":\"https:\/\/envases-group.com\/fr\/\"},{\"@type\":\"ListItem\",\"position\":2,\"name\":\"\u00c9coresponsabilit\u00e9\"}]},{\"@type\":\"WebSite\",\"@id\":\"https:\/\/envases-group.com\/fr\/#website\",\"url\":\"https:\/\/envases-group.com\/fr\/\",\"name\":\"Envases Group | Envases de aluminio\",\"description\":\"Envases de Aluminio, 100% Reciclable, siempre Reciclable | ENVASES est\u00e1 siempre focalizado en la mejora de la calidad y la eficiencia. Tanto por la v\u00eda de la inversi\u00f3n en I+D como a trav\u00e9s de la experiencia de nuestro personal\",\"publisher\":{\"@id\":\"https:\/\/envases-group.com\/fr\/#organization\"},\"alternateName\":\"Envases de aluminio\",\"potentialAction\":[{\"@type\":\"SearchAction\",\"target\":{\"@type\":\"EntryPoint\",\"urlTemplate\":\"https:\/\/envases-group.com\/fr\/?s={search_term_string}\"},\"query-input\":{\"@type\":\"PropertyValueSpecification\",\"valueRequired\":true,\"valueName\":\"search_term_string\"}}],\"inLanguage\":\"fr-FR\"},{\"@type\":\"Organization\",\"@id\":\"https:\/\/envases-group.com\/fr\/#organization\",\"name\":\"Envases Group | Envases de aluminio\",\"alternateName\":\"Envases de aluminio\",\"url\":\"https:\/\/envases-group.com\/fr\/\",\"logo\":{\"@type\":\"ImageObject\",\"inLanguage\":\"fr-FR\",\"@id\":\"https:\/\/envases-group.com\/fr\/#\/schema\/logo\/image\/\",\"url\":\"https:\/\/envases-group.com\/wp-content\/uploads\/2023\/03\/logro-envases-2.png\",\"contentUrl\":\"https:\/\/envases-group.com\/wp-content\/uploads\/2023\/03\/logro-envases-2.png\",\"width\":174,\"height\":60,\"caption\":\"Envases Group | Envases de aluminio\"},\"image\":{\"@id\":\"https:\/\/envases-group.com\/fr\/#\/schema\/logo\/image\/\"},\"sameAs\":[\"https:\/\/www.instagram.com\/envasesgroup\/\",\"https:\/\/www.linkedin.com\/company\/envases-group\/\"]}]}<\/script>\n<!-- \/ Yoast SEO plugin. -->","yoast_head_json":{"title":"\u00c9coresponsabilit\u00e9 - Envases-Group","robots":{"index":"index","follow":"follow","max-snippet":"max-snippet:-1","max-image-preview":"max-image-preview:large","max-video-preview":"max-video-preview:-1"},"canonical":"https:\/\/envases-group.com\/fr\/ecoresponsabilite\/","og_locale":"fr_FR","og_type":"article","og_title":"\u00c9coresponsabilit\u00e9 - Envases-Group","og_description":"PIR & PCR ALUMINIUMRecycled aluminium packaging, bottles and cansL\u2019Aluminium est un mat\u00e9riau permanent qui peut \u00eatre recycl\u00e9 \u00e0 l\u2019infini en conservant toutes ses propri\u00e9t\u00e9s. Nous fabriquons des flacons, des bo\u00eetiers a\u00e9rosols, des bouteilles et d\u2019autres contenants avec un aluminium certifi\u00e9 100% Post Industrial Recycled (recycl\u00e9 du processus industriel), ou 25%, 50%, et jusqu\u2019\u00e0 100% Post [&hellip;]","og_url":"https:\/\/envases-group.com\/fr\/ecoresponsabilite\/","og_site_name":"Envases-Group","article_modified_time":"2024-05-02T11:18:00+00:00","twitter_card":"summary_large_image","twitter_misc":{"Dur\u00e9e de lecture estim\u00e9e":"2 minutes"},"schema":{"@context":"https:\/\/schema.org","@graph":[{"@type":"WebPage","@id":"https:\/\/envases-group.com\/fr\/ecoresponsabilite\/","url":"https:\/\/envases-group.com\/fr\/ecoresponsabilite\/","name":"\u00c9coresponsabilit\u00e9 - Envases-Group","isPartOf":{"@id":"https:\/\/envases-group.com\/fr\/#website"},"datePublished":"2023-03-23T12:03:56+00:00","dateModified":"2024-05-02T11:18:00+00:00","breadcrumb":{"@id":"https:\/\/envases-group.com\/fr\/ecoresponsabilite\/#breadcrumb"},"inLanguage":"fr-FR","potentialAction":[{"@type":"ReadAction","target":["https:\/\/envases-group.com\/fr\/ecoresponsabilite\/"]}]},{"@type":"BreadcrumbList","@id":"https:\/\/envases-group.com\/fr\/ecoresponsabilite\/#breadcrumb","itemListElement":[{"@type":"ListItem","position":1,"name":"Portada","item":"https:\/\/envases-group.com\/fr\/"},{"@type":"ListItem","position":2,"name":"\u00c9coresponsabilit\u00e9"}]},{"@type":"WebSite","@id":"https:\/\/envases-group.com\/fr\/#website","url":"https:\/\/envases-group.com\/fr\/","name":"Envases Group | Envases de aluminio","description":"Envases de Aluminio, 100% Reciclable, siempre Reciclable | ENVASES est\u00e1 siempre focalizado en la mejora de la calidad y la eficiencia. Tanto por la v\u00eda de la inversi\u00f3n en I+D como a trav\u00e9s de la experiencia de nuestro personal","publisher":{"@id":"https:\/\/envases-group.com\/fr\/#organization"},"alternateName":"Envases de aluminio","potentialAction":[{"@type":"SearchAction","target":{"@type":"EntryPoint","urlTemplate":"https:\/\/envases-group.com\/fr\/?s={search_term_string}"},"query-input":{"@type":"PropertyValueSpecification","valueRequired":true,"valueName":"search_term_string"}}],"inLanguage":"fr-FR"},{"@type":"Organization","@id":"https:\/\/envases-group.com\/fr\/#organization","name":"Envases Group | Envases de aluminio","alternateName":"Envases de aluminio","url":"https:\/\/envases-group.com\/fr\/","logo":{"@type":"ImageObject","inLanguage":"fr-FR","@id":"https:\/\/envases-group.com\/fr\/#\/schema\/logo\/image\/","url":"https:\/\/envases-group.com\/wp-content\/uploads\/2023\/03\/logro-envases-2.png","contentUrl":"https:\/\/envases-group.com\/wp-content\/uploads\/2023\/03\/logro-envases-2.png","width":174,"height":60,"caption":"Envases Group | Envases de aluminio"},"image":{"@id":"https:\/\/envases-group.com\/fr\/#\/schema\/logo\/image\/"},"sameAs":["https:\/\/www.instagram.com\/envasesgroup\/","https:\/\/www.linkedin.com\/company\/envases-group\/"]}]}},"_links":{"self":[{"href":"https:\/\/envases-group.com\/fr\/wp-json\/wp\/v2\/pages\/678","targetHints":{"allow":["GET"]}}],"collection":[{"href":"https:\/\/envases-group.com\/fr\/wp-json\/wp\/v2\/pages"}],"about":[{"href":"https:\/\/envases-group.com\/fr\/wp-json\/wp\/v2\/types\/page"}],"author":[{"embeddable":true,"href":"https:\/\/envases-group.com\/fr\/wp-json\/wp\/v2\/users\/1"}],"replies":[{"embeddable":true,"href":"https:\/\/envases-group.com\/fr\/wp-json\/wp\/v2\/comments?post=678"}],"version-history":[{"count":5,"href":"https:\/\/envases-group.com\/fr\/wp-json\/wp\/v2\/pages\/678\/revisions"}],"predecessor-version":[{"id":1550,"href":"https:\/\/envases-group.com\/fr\/wp-json\/wp\/v2\/pages\/678\/revisions\/1550"}],"wp:attachment":[{"href":"https:\/\/envases-group.com\/fr\/wp-json\/wp\/v2\/media?parent=678"}],"curies":[{"name":"wp","href":"https:\/\/api.w.org\/{rel}","templated":true}]}}