{"id":542,"date":"2023-04-11T08:51:14","date_gmt":"2023-04-11T08:51:14","guid":{"rendered":"https:\/\/envases.comertic.es\/index.php\/pulgada\/"},"modified":"2024-05-02T11:19:39","modified_gmt":"2024-05-02T11:19:39","slug":"bocca-1-pollice","status":"publish","type":"page","link":"https:\/\/envases-group.com\/it\/bocca-1-pollice\/","title":{"rendered":"BOCCA 1 POLLICE"},"content":{"rendered":"<p>[et_pb_section fb_built=&#8221;1&#8243; _builder_version=&#8221;4.23&#8243; _module_preset=&#8221;default&#8221; custom_padding=&#8221;22px|||||&#8221; hover_enabled=&#8221;0&#8243; global_colors_info=&#8221;{}&#8221; animation_style=&#8221;fade&#8221; sticky_enabled=&#8221;0&#8243;][et_pb_row _builder_version=&#8221;4.20.4&#8243; _module_preset=&#8221;default&#8221; custom_padding=&#8221;||0px||false|false&#8221; global_colors_info=&#8221;{}&#8221;][et_pb_column type=&#8221;4_4&#8243; _builder_version=&#8221;4.20.4&#8243; _module_preset=&#8221;default&#8221; global_colors_info=&#8221;{}&#8221;][et_pb_text _builder_version=&#8221;4.20.4&#8243; _module_preset=&#8221;default&#8221; text_font=&#8221;|300|||||||&#8221; text_text_color=&#8221;#25282A&#8221; text_font_size=&#8221;37px&#8221; custom_margin=&#8221;1px||13px||false|false&#8221; global_colors_info=&#8221;{}&#8221;]BOCCA 1 POLLICE[\/et_pb_text][et_pb_text _builder_version=&#8221;4.20.4&#8243; _module_preset=&#8221;default&#8221; text_font=&#8221;|300|||||||&#8221; text_text_color=&#8221;#25282A&#8221; text_font_size=&#8221;24px&#8221; custom_margin=&#8221;0px||10px||false|false&#8221; global_colors_info=&#8221;{}&#8221;]The Most Versatile Opening[\/et_pb_text][et_pb_divider color=&#8221;#E4F250&#8243; _builder_version=&#8221;4.20.4&#8243; _module_preset=&#8221;default&#8221; global_colors_info=&#8221;{}&#8221;][\/et_pb_divider][\/et_pb_column][\/et_pb_row][et_pb_row column_structure=&#8221;3_5,2_5&#8243; _builder_version=&#8221;4.20.4&#8243; _module_preset=&#8221;default&#8221; global_colors_info=&#8221;{}&#8221;][et_pb_column type=&#8221;3_5&#8243; _builder_version=&#8221;4.20.4&#8243; _module_preset=&#8221;default&#8221; global_colors_info=&#8221;{}&#8221;][et_pb_image src=&#8221;https:\/\/envases-group.com\/wp-content\/uploads\/2023\/04\/oneinch2b-1030&#215;687-1.jpg&#8221; title_text=&#8221;oneinch2b-1030&#215;687&#8243; _builder_version=&#8221;4.20.4&#8243; _module_preset=&#8221;default&#8221; border_width_right=&#8221;1px&#8221; border_color_right=&#8221;#E4F250&#8243; border_width_bottom=&#8221;1px&#8221; border_color_bottom=&#8221;#E4F250&#8243; border_width_left=&#8221;1px&#8221; border_color_left=&#8221;#E4F250&#8243; global_colors_info=&#8221;{}&#8221;][\/et_pb_image][\/et_pb_column][et_pb_column type=&#8221;2_5&#8243; _builder_version=&#8221;4.20.4&#8243; _module_preset=&#8221;default&#8221; global_colors_info=&#8221;{}&#8221;][et_pb_text _builder_version=&#8221;4.20.4&#8243; _module_preset=&#8221;default&#8221; custom_margin=&#8221;104px||||false|false&#8221; global_colors_info=&#8221;{}&#8221;]Vasta gamma di diametri, altezze, forme e personalizzazioni\u2026 dal diametro 22 al diametro 66.[\/et_pb_text][\/et_pb_column][\/et_pb_row][\/et_pb_section][et_pb_section fb_built=&#8221;1&#8243; _builder_version=&#8221;4.23&#8243; _module_preset=&#8221;default&#8221; background_color=&#8221;RGBA(255,255,255,0)&#8221; custom_padding=&#8221;||5px|||&#8221; hover_enabled=&#8221;0&#8243; border_width_top=&#8221;1px&#8221; border_color_top=&#8221;#E4F250&#8243; border_width_bottom=&#8221;1px&#8221; border_color_bottom=&#8221;#E4F250&#8243; saved_tabs=&#8221;all&#8221; locked=&#8221;off&#8221; global_colors_info=&#8221;{}&#8221; animation_style=&#8221;fade&#8221; sticky_enabled=&#8221;0&#8243;][et_pb_row column_structure=&#8221;1_4,1_4,1_4,1_4&#8243; _builder_version=&#8221;4.20.4&#8243; _module_preset=&#8221;default&#8221; max_width=&#8221;100%&#8221; custom_margin=&#8221;|auto|61px|auto||&#8221; global_colors_info=&#8221;{}&#8221;][et_pb_column type=&#8221;1_4&#8243; _builder_version=&#8221;4.20.4&#8243; _module_preset=&#8221;default&#8221; global_colors_info=&#8221;{}&#8221;][et_pb_image src=&#8221;https:\/\/envases-group.com\/wp-content\/uploads\/2023\/05\/Pulgada-1-1.png&#8221; title_text=&#8221;Pulgada (1)&#8221; align=&#8221;center&#8221; _builder_version=&#8221;4.20.4&#8243; _module_preset=&#8221;default&#8221; transform_translate_linked=&#8221;off&#8221; max_height=&#8221;450px&#8221; global_colors_info=&#8221;{}&#8221;][\/et_pb_image][\/et_pb_column][et_pb_column type=&#8221;1_4&#8243; _builder_version=&#8221;4.20.4&#8243; _module_preset=&#8221;default&#8221; global_colors_info=&#8221;{}&#8221;][et_pb_image src=&#8221;https:\/\/envases-group.com\/wp-content\/uploads\/2023\/05\/Pulgada-2.png&#8221; title_text=&#8221;Pulgada&#8221; align=&#8221;center&#8221; _builder_version=&#8221;4.20.4&#8243; _module_preset=&#8221;default&#8221; transform_translate_linked=&#8221;off&#8221; height=&#8221;450px&#8221; global_colors_info=&#8221;{}&#8221;][\/et_pb_image][\/et_pb_column][et_pb_column type=&#8221;1_4&#8243; _builder_version=&#8221;4.20.4&#8243; _module_preset=&#8221;default&#8221; global_colors_info=&#8221;{}&#8221;][et_pb_image src=&#8221;https:\/\/envases-group.com\/wp-content\/uploads\/2023\/05\/Pulgada_2-1.png&#8221; title_text=&#8221;Pulgada_2&#8243; align=&#8221;center&#8221; _builder_version=&#8221;4.20.4&#8243; _module_preset=&#8221;default&#8221; transform_translate_linked=&#8221;off&#8221; max_height=&#8221;450px&#8221; global_colors_info=&#8221;{}&#8221;][\/et_pb_image][\/et_pb_column][et_pb_column type=&#8221;1_4&#8243; _builder_version=&#8221;4.20.4&#8243; _module_preset=&#8221;default&#8221; global_colors_info=&#8221;{}&#8221;][et_pb_image src=&#8221;https:\/\/envases-group.com\/wp-content\/uploads\/2023\/05\/Pulgada_embossing-1.png&#8221; title_text=&#8221;Pulgada_embossing&#8221; align=&#8221;center&#8221; _builder_version=&#8221;4.20.4&#8243; _module_preset=&#8221;default&#8221; transform_translate_linked=&#8221;off&#8221; max_height=&#8221;450px&#8221; global_colors_info=&#8221;{}&#8221;][\/et_pb_image][\/et_pb_column][\/et_pb_row][\/et_pb_section][et_pb_section fb_built=&#8221;1&#8243; _builder_version=&#8221;4.23&#8243; _module_preset=&#8221;default&#8221; background_color=&#8221;#f4f4f4&#8243; min_height=&#8221;639.8px&#8221; custom_padding=&#8221;||2px|||&#8221; animation_style=&#8221;fade&#8221; hover_enabled=&#8221;0&#8243; global_module=&#8221;538&#8243; saved_tabs=&#8221;all&#8221; global_colors_info=&#8221;{}&#8221; sticky_enabled=&#8221;0&#8243;][et_pb_row column_structure=&#8221;1_3,1_3,1_3&#8243; use_custom_gutter=&#8221;on&#8221; gutter_width=&#8221;4&#8243; make_equal=&#8221;on&#8221; _builder_version=&#8221;4.20.4&#8243; _module_preset=&#8221;default&#8221; width=&#8221;87%&#8221; max_width=&#8221;100%&#8221; min_height=&#8221;555.8px&#8221; custom_padding=&#8221;||17px|||&#8221; global_colors_info=&#8221;{}&#8221;][et_pb_column type=&#8221;1_3&#8243; _builder_version=&#8221;4.20.4&#8243; _module_preset=&#8221;default&#8221; global_colors_info=&#8221;{}&#8221;][et_pb_text _builder_version=&#8221;4.20.4&#8243; _module_preset=&#8221;default&#8221; text_font=&#8221;|300|||||||&#8221; text_text_color=&#8221;#25282A&#8221; text_font_size=&#8221;26px&#8221; custom_margin=&#8221;0px||13px||false|false&#8221; global_colors_info=&#8221;{}&#8221;]Mercati\/Settori[\/et_pb_text][et_pb_divider color=&#8221;#E4F250&#8243; _builder_version=&#8221;4.20.4&#8243; _module_preset=&#8221;default&#8221; custom_margin=&#8221;||6px|||&#8221; global_colors_info=&#8221;{}&#8221;][\/et_pb_divider][et_pb_text _builder_version=&#8221;4.20.4&#8243; _module_preset=&#8221;default&#8221; global_colors_info=&#8221;{}&#8221;]<\/p>\n<p><strong>Circa l\u201980% della produzione mondiale \u00e8 destinata ancora al settore cosmetico ma grazie alla loro eccezionale versatilit\u00e0, l\u2019utilizzo di bombole aerosol in alluminio sta aumentando anche in altri mercati, anno dopo anno.<\/strong><\/p>\n<ul>\n<li>Igiene personale : deodoranti, eau de toilette, prodotti per la cura del corpo e dei capelli\u2026<\/li>\n<li>Prodotti di bellezza: sieri, prodotti per make-up, creme idratanti, autoabbronzanti\u2026<\/li>\n<li>Settore farmaceutico: analgesici, antisettici, igiene del naso e delle orecchie, complessi vitaminici, repellenti per insetti\u2026<\/li>\n<li>Prodotti ad uso domestico: disinfettanti, deodoranti per ambiente, olii essenziali, prodotti per la pulizia della casa, prodotti per la pulizia di occhiali e lenti, dispositivi acustici\u2026<\/li>\n<li>Prodotti alimentari: olii vegetali, panna montata, creme spray\u2026<\/li>\n<li>Settore automobilistico: lubrificanti, \u201cgonfia e ripara\u201d per pneumatici, catene liquide per pneumatici, cura dell\u2019auto\u2026<\/li>\n<li>Estintori<\/li>\n<\/ul>\n<p>[\/et_pb_text][\/et_pb_column][et_pb_column type=&#8221;1_3&#8243; _builder_version=&#8221;4.20.4&#8243; _module_preset=&#8221;default&#8221; global_colors_info=&#8221;{}&#8221;][et_pb_text _builder_version=&#8221;4.20.4&#8243; _module_preset=&#8221;default&#8221; text_font=&#8221;|300|||||||&#8221; text_text_color=&#8221;#25282A&#8221; text_font_size=&#8221;26px&#8221; custom_margin=&#8221;0px||13px||false|false&#8221; global_colors_info=&#8221;{}&#8221;]PROPIETA[\/et_pb_text][et_pb_divider color=&#8221;#E4F250&#8243; _builder_version=&#8221;4.20.4&#8243; _module_preset=&#8221;default&#8221; custom_margin=&#8221;||6px|||&#8221; global_colors_info=&#8221;{}&#8221;][\/et_pb_divider][et_pb_text _builder_version=&#8221;4.20.4&#8243; _module_preset=&#8221;default&#8221; global_colors_info=&#8221;{}&#8221;]I contenitori aerosol in alluminio garantiscono un alto standard di compatibilit\u00e0 con il prodotto. Il processo di produzione monoblocco assicura eccellenti propriet\u00e0 di protezione.<\/p>\n<p>Grazie all\u2019eccellente qualit\u00e0 del suo materiale e alle sue propriet\u00e0 di protezione, le bombole in alluminio sono adatte a tutti i tipi di propellenti  e formulazioni.<\/p>\n<p>A seconda della formulazione del prodotto da inserire, le bombole possono essere parzialmente verniciate, presentare uno strato di protezione interna o abbinate a un sistema bag-on-valve (BOV).<\/p>\n<p>Possono  essere stoccati e trasportati in completa sicurezza, garantendo una movimentazione sicura lungo l\u2019intero processo di fornitura.[\/et_pb_text][\/et_pb_column][et_pb_column type=&#8221;1_3&#8243; _builder_version=&#8221;4.20.4&#8243; _module_preset=&#8221;default&#8221; global_colors_info=&#8221;{}&#8221;][et_pb_text _builder_version=&#8221;4.20.4&#8243; _module_preset=&#8221;default&#8221; text_font=&#8221;|300|||||||&#8221; text_text_color=&#8221;#25282A&#8221; text_font_size=&#8221;26px&#8221; custom_margin=&#8221;0px||13px||false|false&#8221; global_colors_info=&#8221;{}&#8221;]SOSTENIBILITA[\/et_pb_text][et_pb_divider color=&#8221;#E4F250&#8243; _builder_version=&#8221;4.20.4&#8243; _module_preset=&#8221;default&#8221; custom_margin=&#8221;||6px|||&#8221; global_colors_info=&#8221;{}&#8221;][\/et_pb_divider][et_pb_text _builder_version=&#8221;4.20.4&#8243; _module_preset=&#8221;default&#8221; global_colors_info=&#8221;{}&#8221;]Leggero, robusto e riciclabile all\u2019infinito.<br \/>\nL\u2019alluminio non si consuma, l\u2019alluminio si utilizza.<\/p>\n<p>Circa il 75% della totalit\u00e0 dell\u2019alluminio che viene prodotto permane nel ciclo di vita del materiale.<\/p>\n<p>Il contenitore aerosol in alluminio \u00e8 rispettoso dell\u2019ambiente, l\u2019energia utilizzata per produrre alluminio secondario \u00e8 inferiore fino al 95% rispetto a quella necessaria a produrre alluminio primario, riducendo la propria impronta di carbonio.<\/p>\n<p>La leggerezza che caratterizza l\u2019alluminio \u00e8 un altro fattore chiave nella riduzione di emissioni di CO2 ,in relazione al trasporto.[\/et_pb_text][\/et_pb_column][\/et_pb_row][\/et_pb_section]<\/p>\n","protected":false},"excerpt":{"rendered":"<p>BOCCA 1 POLLICEThe Most Versatile OpeningVasta gamma di diametri, altezze, forme e personalizzazioni\u2026 dal diametro 22 al diametro 66.Mercati\/SettoriCirca l\u201980% della produzione mondiale \u00e8 destinata ancora al settore cosmetico ma grazie alla loro eccezionale versatilit\u00e0, l\u2019utilizzo di bombole aerosol in alluminio sta aumentando anche in altri mercati, anno dopo anno. Igiene personale : deodoranti, eau [&hellip;]<\/p>\n","protected":false},"author":1,"featured_media":0,"parent":0,"menu_order":0,"comment_status":"closed","ping_status":"closed","template":"","meta":{"_et_pb_use_builder":"on","_et_pb_old_content":"","_et_gb_content_width":"","footnotes":""},"class_list":["post-542","page","type-page","status-publish","hentry"],"yoast_head":"<!-- This site is optimized with the Yoast SEO plugin v26.7 - https:\/\/yoast.com\/wordpress\/plugins\/seo\/ -->\n<title>BOCCA 1 POLLICE - Envases-Group<\/title>\n<meta name=\"robots\" content=\"index, follow, max-snippet:-1, max-image-preview:large, max-video-preview:-1\" \/>\n<link rel=\"canonical\" href=\"https:\/\/envases-group.com\/it\/bocca-1-pollice\/\" \/>\n<meta property=\"og:locale\" content=\"it_IT\" \/>\n<meta property=\"og:type\" content=\"article\" \/>\n<meta property=\"og:title\" content=\"BOCCA 1 POLLICE - Envases-Group\" \/>\n<meta property=\"og:description\" content=\"BOCCA 1 POLLICEThe Most Versatile OpeningVasta gamma di diametri, altezze, forme e personalizzazioni\u2026 dal diametro 22 al diametro 66.Mercati\/SettoriCirca l\u201980% della produzione mondiale \u00e8 destinata ancora al settore cosmetico ma grazie alla loro eccezionale versatilit\u00e0, l\u2019utilizzo di bombole aerosol in alluminio sta aumentando anche in altri mercati, anno dopo anno. Igiene personale : deodoranti, eau [&hellip;]\" \/>\n<meta property=\"og:url\" content=\"https:\/\/envases-group.com\/it\/bocca-1-pollice\/\" \/>\n<meta property=\"og:site_name\" content=\"Envases-Group\" \/>\n<meta property=\"article:modified_time\" content=\"2024-05-02T11:19:39+00:00\" \/>\n<meta name=\"twitter:card\" content=\"summary_large_image\" \/>\n<meta name=\"twitter:label1\" content=\"Tempo di lettura stimato\" \/>\n\t<meta name=\"twitter:data1\" content=\"6 minuti\" \/>\n<script type=\"application\/ld+json\" class=\"yoast-schema-graph\">{\"@context\":\"https:\/\/schema.org\",\"@graph\":[{\"@type\":\"WebPage\",\"@id\":\"https:\/\/envases-group.com\/it\/bocca-1-pollice\/\",\"url\":\"https:\/\/envases-group.com\/it\/bocca-1-pollice\/\",\"name\":\"BOCCA 1 POLLICE - Envases-Group\",\"isPartOf\":{\"@id\":\"https:\/\/envases-group.com\/it\/#website\"},\"datePublished\":\"2023-04-11T08:51:14+00:00\",\"dateModified\":\"2024-05-02T11:19:39+00:00\",\"breadcrumb\":{\"@id\":\"https:\/\/envases-group.com\/it\/bocca-1-pollice\/#breadcrumb\"},\"inLanguage\":\"it-IT\",\"potentialAction\":[{\"@type\":\"ReadAction\",\"target\":[\"https:\/\/envases-group.com\/it\/bocca-1-pollice\/\"]}]},{\"@type\":\"BreadcrumbList\",\"@id\":\"https:\/\/envases-group.com\/it\/bocca-1-pollice\/#breadcrumb\",\"itemListElement\":[{\"@type\":\"ListItem\",\"position\":1,\"name\":\"Portada\",\"item\":\"https:\/\/envases-group.com\/it\/\"},{\"@type\":\"ListItem\",\"position\":2,\"name\":\"BOCCA 1 POLLICE\"}]},{\"@type\":\"WebSite\",\"@id\":\"https:\/\/envases-group.com\/it\/#website\",\"url\":\"https:\/\/envases-group.com\/it\/\",\"name\":\"Envases Group | Envases de aluminio\",\"description\":\"Envases de Aluminio, 100% Reciclable, siempre Reciclable | ENVASES est\u00e1 siempre focalizado en la mejora de la calidad y la eficiencia. Tanto por la v\u00eda de la inversi\u00f3n en I+D como a trav\u00e9s de la experiencia de nuestro personal\",\"publisher\":{\"@id\":\"https:\/\/envases-group.com\/it\/#organization\"},\"alternateName\":\"Envases de aluminio\",\"potentialAction\":[{\"@type\":\"SearchAction\",\"target\":{\"@type\":\"EntryPoint\",\"urlTemplate\":\"https:\/\/envases-group.com\/it\/?s={search_term_string}\"},\"query-input\":{\"@type\":\"PropertyValueSpecification\",\"valueRequired\":true,\"valueName\":\"search_term_string\"}}],\"inLanguage\":\"it-IT\"},{\"@type\":\"Organization\",\"@id\":\"https:\/\/envases-group.com\/it\/#organization\",\"name\":\"Envases Group | Envases de aluminio\",\"alternateName\":\"Envases de aluminio\",\"url\":\"https:\/\/envases-group.com\/it\/\",\"logo\":{\"@type\":\"ImageObject\",\"inLanguage\":\"it-IT\",\"@id\":\"https:\/\/envases-group.com\/it\/#\/schema\/logo\/image\/\",\"url\":\"https:\/\/envases-group.com\/wp-content\/uploads\/2023\/03\/logro-envases-2.png\",\"contentUrl\":\"https:\/\/envases-group.com\/wp-content\/uploads\/2023\/03\/logro-envases-2.png\",\"width\":174,\"height\":60,\"caption\":\"Envases Group | Envases de aluminio\"},\"image\":{\"@id\":\"https:\/\/envases-group.com\/it\/#\/schema\/logo\/image\/\"},\"sameAs\":[\"https:\/\/www.instagram.com\/envasesgroup\/\",\"https:\/\/www.linkedin.com\/company\/envases-group\/\"]}]}<\/script>\n<!-- \/ Yoast SEO plugin. -->","yoast_head_json":{"title":"BOCCA 1 POLLICE - Envases-Group","robots":{"index":"index","follow":"follow","max-snippet":"max-snippet:-1","max-image-preview":"max-image-preview:large","max-video-preview":"max-video-preview:-1"},"canonical":"https:\/\/envases-group.com\/it\/bocca-1-pollice\/","og_locale":"it_IT","og_type":"article","og_title":"BOCCA 1 POLLICE - Envases-Group","og_description":"BOCCA 1 POLLICEThe Most Versatile OpeningVasta gamma di diametri, altezze, forme e personalizzazioni\u2026 dal diametro 22 al diametro 66.Mercati\/SettoriCirca l\u201980% della produzione mondiale \u00e8 destinata ancora al settore cosmetico ma grazie alla loro eccezionale versatilit\u00e0, l\u2019utilizzo di bombole aerosol in alluminio sta aumentando anche in altri mercati, anno dopo anno. Igiene personale : deodoranti, eau [&hellip;]","og_url":"https:\/\/envases-group.com\/it\/bocca-1-pollice\/","og_site_name":"Envases-Group","article_modified_time":"2024-05-02T11:19:39+00:00","twitter_card":"summary_large_image","twitter_misc":{"Tempo di lettura stimato":"6 minuti"},"schema":{"@context":"https:\/\/schema.org","@graph":[{"@type":"WebPage","@id":"https:\/\/envases-group.com\/it\/bocca-1-pollice\/","url":"https:\/\/envases-group.com\/it\/bocca-1-pollice\/","name":"BOCCA 1 POLLICE - Envases-Group","isPartOf":{"@id":"https:\/\/envases-group.com\/it\/#website"},"datePublished":"2023-04-11T08:51:14+00:00","dateModified":"2024-05-02T11:19:39+00:00","breadcrumb":{"@id":"https:\/\/envases-group.com\/it\/bocca-1-pollice\/#breadcrumb"},"inLanguage":"it-IT","potentialAction":[{"@type":"ReadAction","target":["https:\/\/envases-group.com\/it\/bocca-1-pollice\/"]}]},{"@type":"BreadcrumbList","@id":"https:\/\/envases-group.com\/it\/bocca-1-pollice\/#breadcrumb","itemListElement":[{"@type":"ListItem","position":1,"name":"Portada","item":"https:\/\/envases-group.com\/it\/"},{"@type":"ListItem","position":2,"name":"BOCCA 1 POLLICE"}]},{"@type":"WebSite","@id":"https:\/\/envases-group.com\/it\/#website","url":"https:\/\/envases-group.com\/it\/","name":"Envases Group | Envases de aluminio","description":"Envases de Aluminio, 100% Reciclable, siempre Reciclable | ENVASES est\u00e1 siempre focalizado en la mejora de la calidad y la eficiencia. Tanto por la v\u00eda de la inversi\u00f3n en I+D como a trav\u00e9s de la experiencia de nuestro personal","publisher":{"@id":"https:\/\/envases-group.com\/it\/#organization"},"alternateName":"Envases de aluminio","potentialAction":[{"@type":"SearchAction","target":{"@type":"EntryPoint","urlTemplate":"https:\/\/envases-group.com\/it\/?s={search_term_string}"},"query-input":{"@type":"PropertyValueSpecification","valueRequired":true,"valueName":"search_term_string"}}],"inLanguage":"it-IT"},{"@type":"Organization","@id":"https:\/\/envases-group.com\/it\/#organization","name":"Envases Group | Envases de aluminio","alternateName":"Envases de aluminio","url":"https:\/\/envases-group.com\/it\/","logo":{"@type":"ImageObject","inLanguage":"it-IT","@id":"https:\/\/envases-group.com\/it\/#\/schema\/logo\/image\/","url":"https:\/\/envases-group.com\/wp-content\/uploads\/2023\/03\/logro-envases-2.png","contentUrl":"https:\/\/envases-group.com\/wp-content\/uploads\/2023\/03\/logro-envases-2.png","width":174,"height":60,"caption":"Envases Group | Envases de aluminio"},"image":{"@id":"https:\/\/envases-group.com\/it\/#\/schema\/logo\/image\/"},"sameAs":["https:\/\/www.instagram.com\/envasesgroup\/","https:\/\/www.linkedin.com\/company\/envases-group\/"]}]}},"_links":{"self":[{"href":"https:\/\/envases-group.com\/it\/wp-json\/wp\/v2\/pages\/542","targetHints":{"allow":["GET"]}}],"collection":[{"href":"https:\/\/envases-group.com\/it\/wp-json\/wp\/v2\/pages"}],"about":[{"href":"https:\/\/envases-group.com\/it\/wp-json\/wp\/v2\/types\/page"}],"author":[{"embeddable":true,"href":"https:\/\/envases-group.com\/it\/wp-json\/wp\/v2\/users\/1"}],"replies":[{"embeddable":true,"href":"https:\/\/envases-group.com\/it\/wp-json\/wp\/v2\/comments?post=542"}],"version-history":[{"count":6,"href":"https:\/\/envases-group.com\/it\/wp-json\/wp\/v2\/pages\/542\/revisions"}],"predecessor-version":[{"id":1537,"href":"https:\/\/envases-group.com\/it\/wp-json\/wp\/v2\/pages\/542\/revisions\/1537"}],"wp:attachment":[{"href":"https:\/\/envases-group.com\/it\/wp-json\/wp\/v2\/media?parent=542"}],"curies":[{"name":"wp","href":"https:\/\/api.w.org\/{rel}","templated":true}]}}