{"id":679,"date":"2023-03-23T12:03:56","date_gmt":"2023-03-23T12:03:56","guid":{"rendered":"https:\/\/envases.comertic.es\/index.php\/sostenibilidad\/"},"modified":"2024-05-02T11:19:28","modified_gmt":"2024-05-02T11:19:28","slug":"alluminio-riciclato-pir-pcr","status":"publish","type":"page","link":"https:\/\/envases-group.com\/it\/alluminio-riciclato-pir-pcr\/","title":{"rendered":"ALLUMINIO RICICLATO PIR &#038; PCR"},"content":{"rendered":"<p>[et_pb_section fb_built=&#8221;1&#8243; _builder_version=&#8221;4.23&#8243; _module_preset=&#8221;default&#8221; custom_padding=&#8221;22px|||||&#8221; hover_enabled=&#8221;0&#8243; global_colors_info=&#8221;{}&#8221; animation_style=&#8221;fade&#8221; sticky_enabled=&#8221;0&#8243;][et_pb_row _builder_version=&#8221;4.20.4&#8243; _module_preset=&#8221;default&#8221; custom_padding=&#8221;||0px||false|false&#8221; global_colors_info=&#8221;{}&#8221;][et_pb_column type=&#8221;4_4&#8243; _builder_version=&#8221;4.20.4&#8243; _module_preset=&#8221;default&#8221; global_colors_info=&#8221;{}&#8221;][et_pb_text _builder_version=&#8221;4.20.4&#8243; _module_preset=&#8221;default&#8221; text_font=&#8221;|300|||||||&#8221; text_text_color=&#8221;#25282A&#8221; text_font_size=&#8221;37px&#8221; custom_margin=&#8221;1px||13px||false|false&#8221; global_colors_info=&#8221;{}&#8221;]ALLUMINIO RICICLATO PIR &#038; PCR[\/et_pb_text][et_pb_text _builder_version=&#8221;4.20.4&#8243; _module_preset=&#8221;default&#8221; text_font=&#8221;|300|||||||&#8221; text_text_color=&#8221;#25282A&#8221; text_font_size=&#8221;24px&#8221; custom_margin=&#8221;0px||10px||false|false&#8221; global_colors_info=&#8221;{}&#8221;]Packaging in alluminio riciclato, bombole e flaconi[\/et_pb_text][et_pb_divider color=&#8221;#E4F250&#8243; _builder_version=&#8221;4.20.4&#8243; _module_preset=&#8221;default&#8221; global_colors_info=&#8221;{}&#8221;][\/et_pb_divider][\/et_pb_column][\/et_pb_row][et_pb_row column_structure=&#8221;3_5,2_5&#8243; _builder_version=&#8221;4.20.4&#8243; _module_preset=&#8221;default&#8221; global_colors_info=&#8221;{}&#8221;][et_pb_column type=&#8221;3_5&#8243; _builder_version=&#8221;4.20.4&#8243; _module_preset=&#8221;default&#8221; global_colors_info=&#8221;{}&#8221;][et_pb_image src=&#8221;https:\/\/envases-group.com\/wp-content\/uploads\/2023\/04\/combo-low.jpg&#8221; title_text=&#8221;combo-low&#8221; _builder_version=&#8221;4.20.4&#8243; _module_preset=&#8221;default&#8221; global_colors_info=&#8221;{}&#8221;][\/et_pb_image][\/et_pb_column][et_pb_column type=&#8221;2_5&#8243; _builder_version=&#8221;4.20.4&#8243; _module_preset=&#8221;default&#8221; global_colors_info=&#8221;{}&#8221;][et_pb_text _builder_version=&#8221;4.20.4&#8243; _module_preset=&#8221;default&#8221; custom_margin=&#8221;50px||||false|false&#8221; global_colors_info=&#8221;{}&#8221;]L\u2019alluminio \u00e8 un materiale che pu\u00f2 essere riciclato all\u2019infinito senza perdere nessuna delle sue propriet\u00e0.<\/p>\n<p>Produciamo bombole, flaconi e altri packaging primari con alluminio certificato 100% PIR \u2013 Post Industrial Recycled (riciclato da processi industriali) o con alluminio 25%, 50% e fino a 100% PCR  \u2013 Post Consumer Recycled (riciclato dopo utilizzo da parte del consumatore finale).<\/p>\n<p>Il riciclo dell\u2019alluminio necessita di meno del 5% dell\u2019energia che si utilizza nella produzione di alluminio primario.<\/p>\n<p>L\u2019elevata qualit\u00e0 dell\u2019alluminio riciclato permette di ottenere la stessa qualit\u00e0 di finiture e propriet\u00e0 meccaniche che si ottengono con le produzione in alluminio primario, bombole comprese.<\/p>\n<p>L\u2019alluminio riciclato PIR e PCR offre inoltre alle formulazioni la stessa barriera protettiva garantita dall\u2019alluminio primario.[\/et_pb_text][\/et_pb_column][\/et_pb_row][\/et_pb_section][et_pb_section fb_built=&#8221;1&#8243; _builder_version=&#8221;4.23&#8243; _module_preset=&#8221;default&#8221; background_enable_color=&#8221;off&#8221; background_image=&#8221;https:\/\/envases-group.com\/wp-content\/uploads\/2023\/04\/naturaleza.jpg&#8221; custom_padding=&#8221;||5px|||&#8221; hover_enabled=&#8221;0&#8243; global_colors_info=&#8221;{}&#8221; animation_style=&#8221;fade&#8221; sticky_enabled=&#8221;0&#8243;][et_pb_row _builder_version=&#8221;4.20.4&#8243; _module_preset=&#8221;default&#8221; global_colors_info=&#8221;{}&#8221;][et_pb_column type=&#8221;4_4&#8243; _builder_version=&#8221;4.20.4&#8243; _module_preset=&#8221;default&#8221; global_colors_info=&#8221;{}&#8221;][et_pb_text _builder_version=&#8221;4.20.4&#8243; _module_preset=&#8221;default&#8221; text_text_color=&#8221;#ffffff&#8221; custom_margin=&#8221;200px||||false|false&#8221; custom_padding=&#8221;200px||||false|false&#8221; global_colors_info=&#8221;{}&#8221;]<\/p>\n<p>Your content goes here. Edit or remove this text inline or in the module Content settings. You can also style every aspect of this content in the module Design settings and even apply custom CSS to this text in the module Advanced settings.<\/p>\n<p>[\/et_pb_text][\/et_pb_column][\/et_pb_row][\/et_pb_section]<\/p>\n","protected":false},"excerpt":{"rendered":"<p>ALLUMINIO RICICLATO PIR &#038; PCRPackaging in alluminio riciclato, bombole e flaconiL\u2019alluminio \u00e8 un materiale che pu\u00f2 essere riciclato all\u2019infinito senza perdere nessuna delle sue propriet\u00e0. Produciamo bombole, flaconi e altri packaging primari con alluminio certificato 100% PIR \u2013 Post Industrial Recycled (riciclato da processi industriali) o con alluminio 25%, 50% e fino a 100% PCR [&hellip;]<\/p>\n","protected":false},"author":1,"featured_media":0,"parent":0,"menu_order":0,"comment_status":"closed","ping_status":"closed","template":"","meta":{"_et_pb_use_builder":"on","_et_pb_old_content":"","_et_gb_content_width":"","footnotes":""},"class_list":["post-679","page","type-page","status-publish","hentry"],"yoast_head":"<!-- This site is optimized with the Yoast SEO plugin v26.7 - https:\/\/yoast.com\/wordpress\/plugins\/seo\/ -->\n<title>ALLUMINIO RICICLATO PIR &amp; PCR - Envases-Group<\/title>\n<meta name=\"robots\" content=\"index, follow, max-snippet:-1, max-image-preview:large, max-video-preview:-1\" \/>\n<link rel=\"canonical\" href=\"https:\/\/envases-group.com\/it\/alluminio-riciclato-pir-pcr\/\" \/>\n<meta property=\"og:locale\" content=\"it_IT\" \/>\n<meta property=\"og:type\" content=\"article\" \/>\n<meta property=\"og:title\" content=\"ALLUMINIO RICICLATO PIR &amp; PCR - Envases-Group\" \/>\n<meta property=\"og:description\" content=\"ALLUMINIO RICICLATO PIR &amp; PCRPackaging in alluminio riciclato, bombole e flaconiL\u2019alluminio \u00e8 un materiale che pu\u00f2 essere riciclato all\u2019infinito senza perdere nessuna delle sue propriet\u00e0. Produciamo bombole, flaconi e altri packaging primari con alluminio certificato 100% PIR \u2013 Post Industrial Recycled (riciclato da processi industriali) o con alluminio 25%, 50% e fino a 100% PCR [&hellip;]\" \/>\n<meta property=\"og:url\" content=\"https:\/\/envases-group.com\/it\/alluminio-riciclato-pir-pcr\/\" \/>\n<meta property=\"og:site_name\" content=\"Envases-Group\" \/>\n<meta property=\"article:modified_time\" content=\"2024-05-02T11:19:28+00:00\" \/>\n<meta name=\"twitter:card\" content=\"summary_large_image\" \/>\n<meta name=\"twitter:label1\" content=\"Tempo di lettura stimato\" \/>\n\t<meta name=\"twitter:data1\" content=\"2 minuti\" \/>\n<script type=\"application\/ld+json\" class=\"yoast-schema-graph\">{\"@context\":\"https:\/\/schema.org\",\"@graph\":[{\"@type\":\"WebPage\",\"@id\":\"https:\/\/envases-group.com\/it\/alluminio-riciclato-pir-pcr\/\",\"url\":\"https:\/\/envases-group.com\/it\/alluminio-riciclato-pir-pcr\/\",\"name\":\"ALLUMINIO RICICLATO PIR & PCR - Envases-Group\",\"isPartOf\":{\"@id\":\"https:\/\/envases-group.com\/it\/#website\"},\"datePublished\":\"2023-03-23T12:03:56+00:00\",\"dateModified\":\"2024-05-02T11:19:28+00:00\",\"breadcrumb\":{\"@id\":\"https:\/\/envases-group.com\/it\/alluminio-riciclato-pir-pcr\/#breadcrumb\"},\"inLanguage\":\"it-IT\",\"potentialAction\":[{\"@type\":\"ReadAction\",\"target\":[\"https:\/\/envases-group.com\/it\/alluminio-riciclato-pir-pcr\/\"]}]},{\"@type\":\"BreadcrumbList\",\"@id\":\"https:\/\/envases-group.com\/it\/alluminio-riciclato-pir-pcr\/#breadcrumb\",\"itemListElement\":[{\"@type\":\"ListItem\",\"position\":1,\"name\":\"Portada\",\"item\":\"https:\/\/envases-group.com\/it\/\"},{\"@type\":\"ListItem\",\"position\":2,\"name\":\"ALLUMINIO RICICLATO PIR &#038; PCR\"}]},{\"@type\":\"WebSite\",\"@id\":\"https:\/\/envases-group.com\/it\/#website\",\"url\":\"https:\/\/envases-group.com\/it\/\",\"name\":\"Envases Group | Envases de aluminio\",\"description\":\"Envases de Aluminio, 100% Reciclable, siempre Reciclable | ENVASES est\u00e1 siempre focalizado en la mejora de la calidad y la eficiencia. Tanto por la v\u00eda de la inversi\u00f3n en I+D como a trav\u00e9s de la experiencia de nuestro personal\",\"publisher\":{\"@id\":\"https:\/\/envases-group.com\/it\/#organization\"},\"alternateName\":\"Envases de aluminio\",\"potentialAction\":[{\"@type\":\"SearchAction\",\"target\":{\"@type\":\"EntryPoint\",\"urlTemplate\":\"https:\/\/envases-group.com\/it\/?s={search_term_string}\"},\"query-input\":{\"@type\":\"PropertyValueSpecification\",\"valueRequired\":true,\"valueName\":\"search_term_string\"}}],\"inLanguage\":\"it-IT\"},{\"@type\":\"Organization\",\"@id\":\"https:\/\/envases-group.com\/it\/#organization\",\"name\":\"Envases Group | Envases de aluminio\",\"alternateName\":\"Envases de aluminio\",\"url\":\"https:\/\/envases-group.com\/it\/\",\"logo\":{\"@type\":\"ImageObject\",\"inLanguage\":\"it-IT\",\"@id\":\"https:\/\/envases-group.com\/it\/#\/schema\/logo\/image\/\",\"url\":\"https:\/\/envases-group.com\/wp-content\/uploads\/2023\/03\/logro-envases-2.png\",\"contentUrl\":\"https:\/\/envases-group.com\/wp-content\/uploads\/2023\/03\/logro-envases-2.png\",\"width\":174,\"height\":60,\"caption\":\"Envases Group | Envases de aluminio\"},\"image\":{\"@id\":\"https:\/\/envases-group.com\/it\/#\/schema\/logo\/image\/\"},\"sameAs\":[\"https:\/\/www.instagram.com\/envasesgroup\/\",\"https:\/\/www.linkedin.com\/company\/envases-group\/\"]}]}<\/script>\n<!-- \/ Yoast SEO plugin. -->","yoast_head_json":{"title":"ALLUMINIO RICICLATO PIR & PCR - Envases-Group","robots":{"index":"index","follow":"follow","max-snippet":"max-snippet:-1","max-image-preview":"max-image-preview:large","max-video-preview":"max-video-preview:-1"},"canonical":"https:\/\/envases-group.com\/it\/alluminio-riciclato-pir-pcr\/","og_locale":"it_IT","og_type":"article","og_title":"ALLUMINIO RICICLATO PIR & PCR - Envases-Group","og_description":"ALLUMINIO RICICLATO PIR & PCRPackaging in alluminio riciclato, bombole e flaconiL\u2019alluminio \u00e8 un materiale che pu\u00f2 essere riciclato all\u2019infinito senza perdere nessuna delle sue propriet\u00e0. Produciamo bombole, flaconi e altri packaging primari con alluminio certificato 100% PIR \u2013 Post Industrial Recycled (riciclato da processi industriali) o con alluminio 25%, 50% e fino a 100% PCR [&hellip;]","og_url":"https:\/\/envases-group.com\/it\/alluminio-riciclato-pir-pcr\/","og_site_name":"Envases-Group","article_modified_time":"2024-05-02T11:19:28+00:00","twitter_card":"summary_large_image","twitter_misc":{"Tempo di lettura stimato":"2 minuti"},"schema":{"@context":"https:\/\/schema.org","@graph":[{"@type":"WebPage","@id":"https:\/\/envases-group.com\/it\/alluminio-riciclato-pir-pcr\/","url":"https:\/\/envases-group.com\/it\/alluminio-riciclato-pir-pcr\/","name":"ALLUMINIO RICICLATO PIR & PCR - Envases-Group","isPartOf":{"@id":"https:\/\/envases-group.com\/it\/#website"},"datePublished":"2023-03-23T12:03:56+00:00","dateModified":"2024-05-02T11:19:28+00:00","breadcrumb":{"@id":"https:\/\/envases-group.com\/it\/alluminio-riciclato-pir-pcr\/#breadcrumb"},"inLanguage":"it-IT","potentialAction":[{"@type":"ReadAction","target":["https:\/\/envases-group.com\/it\/alluminio-riciclato-pir-pcr\/"]}]},{"@type":"BreadcrumbList","@id":"https:\/\/envases-group.com\/it\/alluminio-riciclato-pir-pcr\/#breadcrumb","itemListElement":[{"@type":"ListItem","position":1,"name":"Portada","item":"https:\/\/envases-group.com\/it\/"},{"@type":"ListItem","position":2,"name":"ALLUMINIO RICICLATO PIR &#038; PCR"}]},{"@type":"WebSite","@id":"https:\/\/envases-group.com\/it\/#website","url":"https:\/\/envases-group.com\/it\/","name":"Envases Group | Envases de aluminio","description":"Envases de Aluminio, 100% Reciclable, siempre Reciclable | ENVASES est\u00e1 siempre focalizado en la mejora de la calidad y la eficiencia. Tanto por la v\u00eda de la inversi\u00f3n en I+D como a trav\u00e9s de la experiencia de nuestro personal","publisher":{"@id":"https:\/\/envases-group.com\/it\/#organization"},"alternateName":"Envases de aluminio","potentialAction":[{"@type":"SearchAction","target":{"@type":"EntryPoint","urlTemplate":"https:\/\/envases-group.com\/it\/?s={search_term_string}"},"query-input":{"@type":"PropertyValueSpecification","valueRequired":true,"valueName":"search_term_string"}}],"inLanguage":"it-IT"},{"@type":"Organization","@id":"https:\/\/envases-group.com\/it\/#organization","name":"Envases Group | Envases de aluminio","alternateName":"Envases de aluminio","url":"https:\/\/envases-group.com\/it\/","logo":{"@type":"ImageObject","inLanguage":"it-IT","@id":"https:\/\/envases-group.com\/it\/#\/schema\/logo\/image\/","url":"https:\/\/envases-group.com\/wp-content\/uploads\/2023\/03\/logro-envases-2.png","contentUrl":"https:\/\/envases-group.com\/wp-content\/uploads\/2023\/03\/logro-envases-2.png","width":174,"height":60,"caption":"Envases Group | Envases de aluminio"},"image":{"@id":"https:\/\/envases-group.com\/it\/#\/schema\/logo\/image\/"},"sameAs":["https:\/\/www.instagram.com\/envasesgroup\/","https:\/\/www.linkedin.com\/company\/envases-group\/"]}]}},"_links":{"self":[{"href":"https:\/\/envases-group.com\/it\/wp-json\/wp\/v2\/pages\/679","targetHints":{"allow":["GET"]}}],"collection":[{"href":"https:\/\/envases-group.com\/it\/wp-json\/wp\/v2\/pages"}],"about":[{"href":"https:\/\/envases-group.com\/it\/wp-json\/wp\/v2\/types\/page"}],"author":[{"embeddable":true,"href":"https:\/\/envases-group.com\/it\/wp-json\/wp\/v2\/users\/1"}],"replies":[{"embeddable":true,"href":"https:\/\/envases-group.com\/it\/wp-json\/wp\/v2\/comments?post=679"}],"version-history":[{"count":4,"href":"https:\/\/envases-group.com\/it\/wp-json\/wp\/v2\/pages\/679\/revisions"}],"predecessor-version":[{"id":1551,"href":"https:\/\/envases-group.com\/it\/wp-json\/wp\/v2\/pages\/679\/revisions\/1551"}],"wp:attachment":[{"href":"https:\/\/envases-group.com\/it\/wp-json\/wp\/v2\/media?parent=679"}],"curies":[{"name":"wp","href":"https:\/\/api.w.org\/{rel}","templated":true}]}}